{"id":35748,"date":"2025-05-08T08:04:01","date_gmt":"2025-05-08T12:04:01","guid":{"rendered":"https:\/\/www.galerie-scrapbooking.com\/?post_type=product&#038;p=35748"},"modified":"2025-08-20T08:12:09","modified_gmt":"2025-08-20T12:12:09","slug":"sizzix-plaque-embossage-multi-niveaux-dentelle-par-tim-holtz","status":"publish","type":"product","link":"https:\/\/www.galerie-scrapbooking.com\/en\/produit\/sizzix-plaque-embossage-multi-niveaux-dentelle-par-tim-holtz\/","title":{"rendered":"Sizzix Plaque embossage Multi-Niveaux Dentelle par Tim Holtz"},"content":{"rendered":"<h1>Sizzix Plaque embossage Multi-Niveaux Dentelle<\/h1>\n<p>Apportez une touche d&#8217;\u00e9l\u00e9gance et de sophistication \u00e0 vos cr\u00e9ations avec cette plaque d&#8217;embossage multi-niveaux Dentelle de Tim Holtz.<\/p>\n<p>Orn\u00e9 d&#8217;un motif de dentelle raffin\u00e9, cette plaque d&#8217;embossage met en valeur des d\u00e9tails d\u00e9licats qui transformeront vos cartes, projets de d\u00e9coration et autres en \u0153uvres d&#8217;art \u00e9poustouflantes.<\/p>\n<p>Que vous souhaitiez sublimer vos faire-part, cartes, pages de scrapbooking ou vos cr\u00e9ations, cette plaque d&#8217;embossage est la solution id\u00e9ale pour ajouter de la profondeur et des textures r\u00e9alistes \u00e0 une vari\u00e9t\u00e9 de supports, notamment le papier cartonn\u00e9, le papier, le v\u00e9lin et les feuilles m\u00e9talliques.<\/p>\n<p>Dimensions approximatives:<\/p>\n<p>4 1\/2&#8243; x 6 1\/2&#8243; x 1\/4&#8243;<\/p>\n","protected":false},"excerpt":{"rendered":"<p>Sizzix Multi Level Textured Impressions Embossing Folder &#8211; Vault Lace by Tim Holtz<\/p>\n","protected":false},"featured_media":35749,"template":"","meta":{"_acf_changed":false},"product_brand":[],"product_cat":[202,252,203],"product_tag":[],"class_list":{"0":"post-35748","1":"product","2":"type-product","3":"status-publish","4":"has-post-thumbnail","6":"product_cat-plaques-embossage","7":"product_cat-herazz-nouveautes","8":"product_cat-embossage-sizzix-timholtz","9":"pa_brand_nc-sizzix","11":"first","12":"instock","13":"taxable","14":"shipping-taxable","15":"purchasable","16":"product-type-simple"},"acf":[],"aioseo_notices":[],"_links":{"self":[{"href":"https:\/\/www.galerie-scrapbooking.com\/en\/wp-json\/wp\/v2\/product\/35748","targetHints":{"allow":["GET"]}}],"collection":[{"href":"https:\/\/www.galerie-scrapbooking.com\/en\/wp-json\/wp\/v2\/product"}],"about":[{"href":"https:\/\/www.galerie-scrapbooking.com\/en\/wp-json\/wp\/v2\/types\/product"}],"wp:featuredmedia":[{"embeddable":true,"href":"https:\/\/www.galerie-scrapbooking.com\/en\/wp-json\/wp\/v2\/media\/35749"}],"wp:attachment":[{"href":"https:\/\/www.galerie-scrapbooking.com\/en\/wp-json\/wp\/v2\/media?parent=35748"}],"wp:term":[{"taxonomy":"product_brand","embeddable":true,"href":"https:\/\/www.galerie-scrapbooking.com\/en\/wp-json\/wp\/v2\/product_brand?post=35748"},{"taxonomy":"product_cat","embeddable":true,"href":"https:\/\/www.galerie-scrapbooking.com\/en\/wp-json\/wp\/v2\/product_cat?post=35748"},{"taxonomy":"product_tag","embeddable":true,"href":"https:\/\/www.galerie-scrapbooking.com\/en\/wp-json\/wp\/v2\/product_tag?post=35748"}],"curies":[{"name":"wp","href":"https:\/\/api.w.org\/{rel}","templated":true}]}}