{"id":35744,"date":"2025-05-08T08:04:01","date_gmt":"2025-05-08T12:04:01","guid":{"rendered":"https:\/\/www.galerie-scrapbooking.com\/?post_type=product&#038;p=35744"},"modified":"2026-02-07T11:35:45","modified_gmt":"2026-02-07T16:35:45","slug":"little-birdie-mini-bouquet-de-fleurs-chanson-de-la-mer","status":"publish","type":"product","link":"https:\/\/www.galerie-scrapbooking.com\/en\/produit\/little-birdie-mini-bouquet-de-fleurs-chanson-de-la-mer\/","title":{"rendered":"Little Birdie mini Bouquet de Fleurs Chanson de la mer"},"content":{"rendered":"<h1>Little Birdie mini Bouquet de Fleurs Chanson de la mer<\/h1>\n<p>Ces fleurs artisanales sont parfaites pour ajouter une touche florale classique \u00e0 vos projets.<\/p>\n<p>Vous pouvez les utiliser pour vos mises en page de scrapbooking, vos cartes, vos projets de d\u00e9coration, vos \u00e9tiquettes, vos techniques mixtes, vos emballages cadeaux et tout autre projet cr\u00e9atif.<\/p>\n<p>Utilisez-les telles quelles ou personnalisez-les avec des encres, des peintures et des paillettes pour les assortir \u00e0 votre cr\u00e9ation.<\/p>\n","protected":false},"excerpt":{"rendered":"<p>Little Birdie Paper Bouquet 12\/Pkg &#8211; Song Of The Sea<\/p>\n","protected":false},"featured_media":35736,"template":"","meta":{"_acf_changed":false},"product_brand":[],"product_cat":[2064,252],"product_tag":[],"class_list":{"0":"post-35744","1":"product","2":"type-product","3":"status-publish","4":"has-post-thumbnail","6":"product_cat-little-birdie-embellisements","7":"product_cat-herazz-nouveautes","8":"pa_brand_nc-little-birdie","10":"first","11":"instock","12":"taxable","13":"shipping-taxable","14":"purchasable","15":"product-type-simple"},"acf":[],"aioseo_notices":[],"_links":{"self":[{"href":"https:\/\/www.galerie-scrapbooking.com\/en\/wp-json\/wp\/v2\/product\/35744","targetHints":{"allow":["GET"]}}],"collection":[{"href":"https:\/\/www.galerie-scrapbooking.com\/en\/wp-json\/wp\/v2\/product"}],"about":[{"href":"https:\/\/www.galerie-scrapbooking.com\/en\/wp-json\/wp\/v2\/types\/product"}],"wp:featuredmedia":[{"embeddable":true,"href":"https:\/\/www.galerie-scrapbooking.com\/en\/wp-json\/wp\/v2\/media\/35736"}],"wp:attachment":[{"href":"https:\/\/www.galerie-scrapbooking.com\/en\/wp-json\/wp\/v2\/media?parent=35744"}],"wp:term":[{"taxonomy":"product_brand","embeddable":true,"href":"https:\/\/www.galerie-scrapbooking.com\/en\/wp-json\/wp\/v2\/product_brand?post=35744"},{"taxonomy":"product_cat","embeddable":true,"href":"https:\/\/www.galerie-scrapbooking.com\/en\/wp-json\/wp\/v2\/product_cat?post=35744"},{"taxonomy":"product_tag","embeddable":true,"href":"https:\/\/www.galerie-scrapbooking.com\/en\/wp-json\/wp\/v2\/product_tag?post=35744"}],"curies":[{"name":"wp","href":"https:\/\/api.w.org\/{rel}","templated":true}]}}