{"id":35580,"date":"2025-04-17T09:14:07","date_gmt":"2025-04-17T13:14:07","guid":{"rendered":"https:\/\/www.galerie-scrapbooking.com\/?post_type=product&#038;p=35580"},"modified":"2025-08-20T08:13:03","modified_gmt":"2025-08-20T12:13:03","slug":"lavinia-etampe-tourbillons-vintage","status":"publish","type":"product","link":"https:\/\/www.galerie-scrapbooking.com\/en\/produit\/lavinia-etampe-tourbillons-vintage\/","title":{"rendered":"Lavinia \u00c9tampe Tourbillons vintage"},"content":{"rendered":"<h1>Lavinia \u00c9tampe Tourbillons vintage<\/h1>\n<p>Un ensemble de trois \u00e9tampes silhouettes repr\u00e9sentant des volutes ornement\u00e9es.<\/p>\n<p>L&#8217;ensemble comprend trois \u00e9tampes silhouettes de tailles diff\u00e9rentes : petite, moyenne et grande. Chaque motif est unique. Le plus grand motif pr\u00e9sente un centre floral, un bord plat et un design plus simple. Le motif moyen pr\u00e9sente diff\u00e9rents types de volutes et n&#8217;a pas de bord plat. Le plus petit motif pr\u00e9sente une forme triangulaire l\u00e2che, id\u00e9ale pour les angles.<\/p>\n<p>Ces \u00e9tampes sont parfaites pour cr\u00e9er un cadre ou agr\u00e9menter des meubles, comme les accessoires de porte et la biblioth\u00e8que Hobbits.<\/p>\n<p>Dimension approximative:<\/p>\n<p>8.7 cm x 1.3 cm, 6.9 cm x 1 cm et 3.5 cm x 1.6 cm<\/p>\n","protected":false},"excerpt":{"rendered":"<p>Lavinia Stamp &#8211; Vintage Swirls<\/p>\n","protected":false},"featured_media":35552,"template":"","meta":{"_acf_changed":false},"product_brand":[],"product_cat":[342,252,2226],"product_tag":[],"class_list":{"0":"post-35580","1":"product","2":"type-product","3":"status-publish","4":"has-post-thumbnail","6":"product_cat-etampes-lavinia","7":"product_cat-herazz-nouveautes","8":"product_cat-objets","9":"pa_brand_nc-lavinia","11":"first","12":"instock","13":"taxable","14":"shipping-taxable","15":"purchasable","16":"product-type-simple"},"acf":[],"aioseo_notices":[],"_links":{"self":[{"href":"https:\/\/www.galerie-scrapbooking.com\/en\/wp-json\/wp\/v2\/product\/35580","targetHints":{"allow":["GET"]}}],"collection":[{"href":"https:\/\/www.galerie-scrapbooking.com\/en\/wp-json\/wp\/v2\/product"}],"about":[{"href":"https:\/\/www.galerie-scrapbooking.com\/en\/wp-json\/wp\/v2\/types\/product"}],"wp:featuredmedia":[{"embeddable":true,"href":"https:\/\/www.galerie-scrapbooking.com\/en\/wp-json\/wp\/v2\/media\/35552"}],"wp:attachment":[{"href":"https:\/\/www.galerie-scrapbooking.com\/en\/wp-json\/wp\/v2\/media?parent=35580"}],"wp:term":[{"taxonomy":"product_brand","embeddable":true,"href":"https:\/\/www.galerie-scrapbooking.com\/en\/wp-json\/wp\/v2\/product_brand?post=35580"},{"taxonomy":"product_cat","embeddable":true,"href":"https:\/\/www.galerie-scrapbooking.com\/en\/wp-json\/wp\/v2\/product_cat?post=35580"},{"taxonomy":"product_tag","embeddable":true,"href":"https:\/\/www.galerie-scrapbooking.com\/en\/wp-json\/wp\/v2\/product_tag?post=35580"}],"curies":[{"name":"wp","href":"https:\/\/api.w.org\/{rel}","templated":true}]}}