{"id":35579,"date":"2025-04-17T09:14:08","date_gmt":"2025-04-17T13:14:08","guid":{"rendered":"https:\/\/www.galerie-scrapbooking.com\/?post_type=product&#038;p=35579"},"modified":"2025-10-23T09:14:42","modified_gmt":"2025-10-23T13:14:42","slug":"lavinia-etampe-ampoules-lumineuses","status":"publish","type":"product","link":"https:\/\/www.galerie-scrapbooking.com\/en\/produit\/lavinia-etampe-ampoules-lumineuses\/","title":{"rendered":"Lavinia \u00c9tampe Ampoules lumineuses"},"content":{"rendered":"<h1>Lavinia \u00c9tampe Ampoules lumineuses<\/h1>\n<p>Un ensemble de trois \u00e9tampes repr\u00e9sentant des ampoules.<\/p>\n<p>Avec deux ampoules de tailles diff\u00e9rentes suspendues \u00e0 des fils et une seule ampoule, cet ensemble offre trois options pour ajouter une source de lumi\u00e8re \u00e0 n&#8217;importe quelle carte.<\/p>\n<p>Ces \u00e9tampes compl\u00e8tent parfaitement les deux souris, Double Trouble.<\/p>\n<p>Dimension approximative:<\/p>\n<p>1.3 cm x 8.7 cm, 1.1 cm x 6.6 cm et 1.5 cm x 2.4 cm<\/p>\n","protected":false},"excerpt":{"rendered":"<p>Lavinia Stamp &#8211; Light Bulbs<\/p>\n","protected":false},"featured_media":35522,"template":"","meta":{"_acf_changed":false},"product_brand":[],"product_cat":[342,252,2226],"product_tag":[],"class_list":{"0":"post-35579","1":"product","2":"type-product","3":"status-publish","4":"has-post-thumbnail","6":"product_cat-etampes-lavinia","7":"product_cat-herazz-nouveautes","8":"product_cat-objets","9":"pa_brand_nc-lavinia","11":"first","12":"instock","13":"taxable","14":"shipping-taxable","15":"purchasable","16":"product-type-simple"},"acf":[],"aioseo_notices":[],"_links":{"self":[{"href":"https:\/\/www.galerie-scrapbooking.com\/en\/wp-json\/wp\/v2\/product\/35579","targetHints":{"allow":["GET"]}}],"collection":[{"href":"https:\/\/www.galerie-scrapbooking.com\/en\/wp-json\/wp\/v2\/product"}],"about":[{"href":"https:\/\/www.galerie-scrapbooking.com\/en\/wp-json\/wp\/v2\/types\/product"}],"wp:featuredmedia":[{"embeddable":true,"href":"https:\/\/www.galerie-scrapbooking.com\/en\/wp-json\/wp\/v2\/media\/35522"}],"wp:attachment":[{"href":"https:\/\/www.galerie-scrapbooking.com\/en\/wp-json\/wp\/v2\/media?parent=35579"}],"wp:term":[{"taxonomy":"product_brand","embeddable":true,"href":"https:\/\/www.galerie-scrapbooking.com\/en\/wp-json\/wp\/v2\/product_brand?post=35579"},{"taxonomy":"product_cat","embeddable":true,"href":"https:\/\/www.galerie-scrapbooking.com\/en\/wp-json\/wp\/v2\/product_cat?post=35579"},{"taxonomy":"product_tag","embeddable":true,"href":"https:\/\/www.galerie-scrapbooking.com\/en\/wp-json\/wp\/v2\/product_tag?post=35579"}],"curies":[{"name":"wp","href":"https:\/\/api.w.org\/{rel}","templated":true}]}}