{"id":35578,"date":"2025-04-17T09:14:08","date_gmt":"2025-04-17T13:14:08","guid":{"rendered":"https:\/\/www.galerie-scrapbooking.com\/?post_type=product&#038;p=35578"},"modified":"2025-08-20T08:13:01","modified_gmt":"2025-08-20T12:13:01","slug":"lavinia-etampe-champignons-a-calotte-violette","status":"publish","type":"product","link":"https:\/\/www.galerie-scrapbooking.com\/en\/produit\/lavinia-etampe-champignons-a-calotte-violette\/","title":{"rendered":"Lavinia \u00c9tampe Champignons \u00e0 calotte violette"},"content":{"rendered":"<h1>Lavinia \u00c9tampe Champignons \u00e0 calotte violette<\/h1>\n<p>Un ensemble de quatre \u00e9tampes repr\u00e9sentant des champignons de diff\u00e9rentes hauteurs.<\/p>\n<p>Ce lot de quatre \u00e9tampes comprend trois grands champignons et un petit champignon. Deux d&#8217;entre eux ont un chapeau fonc\u00e9 tachet\u00e9 de blanc et une petite jupe, tandis que les deux autres ont un chapeau plus large et de nombreuses taches.<\/p>\n<p>Ajoutez ces jolis champignons \u00e0 n&#8217;importe quelle sc\u00e8ne pour un d\u00e9cor f\u00e9\u00e9rique parfait : placez-les dans un cercle de f\u00e9es, sur le sol de la for\u00eat ou m\u00eame sous une balan\u00e7oire ou une arche.<\/p>\n<p>Dimension approximative:<\/p>\n<p>1.1 cm x 4.9 cm, 2.2 cm x 4.1 cm, 2 cm x 2.2 cm et 1.5 cm x 3.3 cm<\/p>\n","protected":false},"excerpt":{"rendered":"<p>Lavinia Stamp &#8211; Purple Cap Mushrooms<\/p>\n","protected":false},"featured_media":35536,"template":"","meta":{"_acf_changed":false},"product_brand":[],"product_cat":[423,342,252],"product_tag":[],"class_list":{"0":"post-35578","1":"product","2":"type-product","3":"status-publish","4":"has-post-thumbnail","6":"product_cat-fleurs-feuillage","7":"product_cat-etampes-lavinia","8":"product_cat-herazz-nouveautes","9":"pa_brand_nc-lavinia","11":"first","12":"instock","13":"taxable","14":"shipping-taxable","15":"purchasable","16":"product-type-simple"},"acf":[],"aioseo_notices":[],"_links":{"self":[{"href":"https:\/\/www.galerie-scrapbooking.com\/en\/wp-json\/wp\/v2\/product\/35578","targetHints":{"allow":["GET"]}}],"collection":[{"href":"https:\/\/www.galerie-scrapbooking.com\/en\/wp-json\/wp\/v2\/product"}],"about":[{"href":"https:\/\/www.galerie-scrapbooking.com\/en\/wp-json\/wp\/v2\/types\/product"}],"wp:featuredmedia":[{"embeddable":true,"href":"https:\/\/www.galerie-scrapbooking.com\/en\/wp-json\/wp\/v2\/media\/35536"}],"wp:attachment":[{"href":"https:\/\/www.galerie-scrapbooking.com\/en\/wp-json\/wp\/v2\/media?parent=35578"}],"wp:term":[{"taxonomy":"product_brand","embeddable":true,"href":"https:\/\/www.galerie-scrapbooking.com\/en\/wp-json\/wp\/v2\/product_brand?post=35578"},{"taxonomy":"product_cat","embeddable":true,"href":"https:\/\/www.galerie-scrapbooking.com\/en\/wp-json\/wp\/v2\/product_cat?post=35578"},{"taxonomy":"product_tag","embeddable":true,"href":"https:\/\/www.galerie-scrapbooking.com\/en\/wp-json\/wp\/v2\/product_tag?post=35578"}],"curies":[{"name":"wp","href":"https:\/\/api.w.org\/{rel}","templated":true}]}}