{"id":35577,"date":"2025-04-17T09:14:08","date_gmt":"2025-04-17T13:14:08","guid":{"rendered":"https:\/\/www.galerie-scrapbooking.com\/?post_type=product&#038;p=35577"},"modified":"2026-04-10T17:50:45","modified_gmt":"2026-04-10T21:50:45","slug":"lavinia-etampe-houblon-a-soie","status":"publish","type":"product","link":"https:\/\/www.galerie-scrapbooking.com\/en\/produit\/lavinia-etampe-houblon-a-soie\/","title":{"rendered":"Lavinia \u00c9tampe Houblon \u00e0 Soie"},"content":{"rendered":"<h1>Lavinia \u00c9tampe Houblon \u00e0 Soie<\/h1>\n<p>Un ensemble de deux \u00e9tampes repr\u00e9sentant deux plantes \u00e0 feuillage suspendu.<\/p>\n<p>Ce lot de deux \u00e9tampes comprend une petite plante aux vrilles d\u00e9licatement boucl\u00e9es et une plante plus grande aux brins plus \u00e9pais, id\u00e9ale pour d\u00e9corer le haut de n&#8217;importe quelle carte.<\/p>\n<p>Compl\u00e9tez le th\u00e8me du feuillage avec le Laurier lunaire et le Feuillage sauvage pour cr\u00e9er un cadre magique pour votre cr\u00e9ation.<\/p>\n<p>Dimension approximative:<\/p>\n<p>0.8 cm x 6.2 cm et 1.5 cm x 10.1 cm<\/p>\n","protected":false},"excerpt":{"rendered":"<p>Lavinia Stamp &#8211; Silkweed Hops<\/p>\n","protected":false},"featured_media":35540,"template":"","meta":{"_acf_changed":false},"product_brand":[],"product_cat":[420,423,342,252],"product_tag":[],"class_list":{"0":"post-35577","1":"product","2":"type-product","3":"status-publish","4":"has-post-thumbnail","6":"product_cat-arbre-paysage","7":"product_cat-fleurs-feuillage","8":"product_cat-etampes-lavinia","9":"product_cat-herazz-nouveautes","10":"pa_brand_nc-lavinia","12":"first","13":"instock","14":"taxable","15":"shipping-taxable","16":"purchasable","17":"product-type-simple"},"acf":[],"aioseo_notices":[],"_links":{"self":[{"href":"https:\/\/www.galerie-scrapbooking.com\/en\/wp-json\/wp\/v2\/product\/35577","targetHints":{"allow":["GET"]}}],"collection":[{"href":"https:\/\/www.galerie-scrapbooking.com\/en\/wp-json\/wp\/v2\/product"}],"about":[{"href":"https:\/\/www.galerie-scrapbooking.com\/en\/wp-json\/wp\/v2\/types\/product"}],"wp:featuredmedia":[{"embeddable":true,"href":"https:\/\/www.galerie-scrapbooking.com\/en\/wp-json\/wp\/v2\/media\/35540"}],"wp:attachment":[{"href":"https:\/\/www.galerie-scrapbooking.com\/en\/wp-json\/wp\/v2\/media?parent=35577"}],"wp:term":[{"taxonomy":"product_brand","embeddable":true,"href":"https:\/\/www.galerie-scrapbooking.com\/en\/wp-json\/wp\/v2\/product_brand?post=35577"},{"taxonomy":"product_cat","embeddable":true,"href":"https:\/\/www.galerie-scrapbooking.com\/en\/wp-json\/wp\/v2\/product_cat?post=35577"},{"taxonomy":"product_tag","embeddable":true,"href":"https:\/\/www.galerie-scrapbooking.com\/en\/wp-json\/wp\/v2\/product_tag?post=35577"}],"curies":[{"name":"wp","href":"https:\/\/api.w.org\/{rel}","templated":true}]}}