{"id":35575,"date":"2025-04-17T09:14:08","date_gmt":"2025-04-17T13:14:08","guid":{"rendered":"https:\/\/www.galerie-scrapbooking.com\/?post_type=product&#038;p=35575"},"modified":"2026-04-18T14:17:08","modified_gmt":"2026-04-18T18:17:08","slug":"lavinia-etampe-feuillage-sauvage","status":"publish","type":"product","link":"https:\/\/www.galerie-scrapbooking.com\/en\/produit\/lavinia-etampe-feuillage-sauvage\/","title":{"rendered":"Lavinia \u00c9tampe Feuillage sauvage"},"content":{"rendered":"<h1>Lavinia \u00c9tampe Feuillage sauvage<\/h1>\n<p>Un ensemble de quatre \u00e9tampes repr\u00e9sentant des silhouettes et des illustrations de feuillage.<\/p>\n<p>L&#8217;ensemble comprend deux branches de feuillage avec cinq feuilles stylis\u00e9es en forme de c\u0153ur : une grande \u00e0 bords blancs et l&#8217;autre, une silhouette plus petite. Une \u00e9tampe repr\u00e9sentant une petite silhouette de feuilles ondul\u00e9es et une autre illustration d&#8217;une branche avec des grappes de longues feuilles est \u00e9galement inclus.<\/p>\n<p>Ces \u00e9tampes sont parfaites pour ajouter des touches de feuillage afin d&#8217;adoucir les contours, de cr\u00e9er un cadre ou de sublimer un sous-bois luxuriant.<\/p>\n<p>Dimension approximative:<\/p>\n<p>1.5 cm x 2.2 cm, 1.4 cm x 1.8 cm, 2.2 cm x 2 cm et 1.3 cm x 1.2 cm<\/p>\n","protected":false},"excerpt":{"rendered":"<p>Lavinia Stamp &#8211; Wild Foliage<\/p>\n","protected":false},"featured_media":35556,"template":"","meta":{"_acf_changed":false},"product_brand":[],"product_cat":[420,423,342,252],"product_tag":[],"class_list":{"0":"post-35575","1":"product","2":"type-product","3":"status-publish","4":"has-post-thumbnail","6":"product_cat-arbre-paysage","7":"product_cat-fleurs-feuillage","8":"product_cat-etampes-lavinia","9":"product_cat-herazz-nouveautes","10":"pa_brand_nc-lavinia","12":"first","13":"instock","14":"taxable","15":"shipping-taxable","16":"purchasable","17":"product-type-simple"},"acf":[],"aioseo_notices":[],"_links":{"self":[{"href":"https:\/\/www.galerie-scrapbooking.com\/en\/wp-json\/wp\/v2\/product\/35575","targetHints":{"allow":["GET"]}}],"collection":[{"href":"https:\/\/www.galerie-scrapbooking.com\/en\/wp-json\/wp\/v2\/product"}],"about":[{"href":"https:\/\/www.galerie-scrapbooking.com\/en\/wp-json\/wp\/v2\/types\/product"}],"wp:featuredmedia":[{"embeddable":true,"href":"https:\/\/www.galerie-scrapbooking.com\/en\/wp-json\/wp\/v2\/media\/35556"}],"wp:attachment":[{"href":"https:\/\/www.galerie-scrapbooking.com\/en\/wp-json\/wp\/v2\/media?parent=35575"}],"wp:term":[{"taxonomy":"product_brand","embeddable":true,"href":"https:\/\/www.galerie-scrapbooking.com\/en\/wp-json\/wp\/v2\/product_brand?post=35575"},{"taxonomy":"product_cat","embeddable":true,"href":"https:\/\/www.galerie-scrapbooking.com\/en\/wp-json\/wp\/v2\/product_cat?post=35575"},{"taxonomy":"product_tag","embeddable":true,"href":"https:\/\/www.galerie-scrapbooking.com\/en\/wp-json\/wp\/v2\/product_tag?post=35575"}],"curies":[{"name":"wp","href":"https:\/\/api.w.org\/{rel}","templated":true}]}}