{"id":35571,"date":"2025-04-17T09:14:09","date_gmt":"2025-04-17T13:14:09","guid":{"rendered":"https:\/\/www.galerie-scrapbooking.com\/?post_type=product&#038;p=35571"},"modified":"2025-08-20T08:12:44","modified_gmt":"2025-08-20T12:12:44","slug":"lavinia-etampe-candelabre-de-vigne","status":"publish","type":"product","link":"https:\/\/www.galerie-scrapbooking.com\/en\/produit\/lavinia-etampe-candelabre-de-vigne\/","title":{"rendered":"Lavinia \u00c9tampe Cand\u00e9labre de vigne"},"content":{"rendered":"<h1>Lavinia \u00c9tampe Cand\u00e9labre de vigne<\/h1>\n<p>Une \u00e9tampe unique repr\u00e9sentant un cand\u00e9labre.<\/p>\n<p>Cette \u00e9tampe repr\u00e9sente un cand\u00e9labre \u00e0 trois branches magnifiquement illustr\u00e9, avec des vignes d\u00e9taill\u00e9es poussant \u00e0 sa base et des vrilles enroul\u00e9es. Le cand\u00e9labre est orn\u00e9 de trois bougies allum\u00e9es.<\/p>\n<p>C&#8217;est l&#8217;\u00e9tampe id\u00e9ale pour cr\u00e9er une ambiance avec l&#8217;ensemble d&#8217;\u00e9tampes \u00ab Le Livre des Mots Perdus \u00bb et \u00ab Arche \u00bb.<\/p>\n<p>Dimension approximative:<\/p>\n<p>3.5 cm x 10.8 cm<\/p>\n","protected":false},"excerpt":{"rendered":"<p>Lavinia Stamp &#8211; Vine Candelabra<\/p>\n","protected":false},"featured_media":35548,"template":"","meta":{"_acf_changed":false},"product_brand":[],"product_cat":[342,252,2226],"product_tag":[],"class_list":{"0":"post-35571","1":"product","2":"type-product","3":"status-publish","4":"has-post-thumbnail","6":"product_cat-etampes-lavinia","7":"product_cat-herazz-nouveautes","8":"product_cat-objets","9":"pa_brand_nc-lavinia","11":"first","12":"instock","13":"taxable","14":"shipping-taxable","15":"purchasable","16":"product-type-simple"},"acf":[],"aioseo_notices":[],"_links":{"self":[{"href":"https:\/\/www.galerie-scrapbooking.com\/en\/wp-json\/wp\/v2\/product\/35571","targetHints":{"allow":["GET"]}}],"collection":[{"href":"https:\/\/www.galerie-scrapbooking.com\/en\/wp-json\/wp\/v2\/product"}],"about":[{"href":"https:\/\/www.galerie-scrapbooking.com\/en\/wp-json\/wp\/v2\/types\/product"}],"wp:featuredmedia":[{"embeddable":true,"href":"https:\/\/www.galerie-scrapbooking.com\/en\/wp-json\/wp\/v2\/media\/35548"}],"wp:attachment":[{"href":"https:\/\/www.galerie-scrapbooking.com\/en\/wp-json\/wp\/v2\/media?parent=35571"}],"wp:term":[{"taxonomy":"product_brand","embeddable":true,"href":"https:\/\/www.galerie-scrapbooking.com\/en\/wp-json\/wp\/v2\/product_brand?post=35571"},{"taxonomy":"product_cat","embeddable":true,"href":"https:\/\/www.galerie-scrapbooking.com\/en\/wp-json\/wp\/v2\/product_cat?post=35571"},{"taxonomy":"product_tag","embeddable":true,"href":"https:\/\/www.galerie-scrapbooking.com\/en\/wp-json\/wp\/v2\/product_tag?post=35571"}],"curies":[{"name":"wp","href":"https:\/\/api.w.org\/{rel}","templated":true}]}}