{"id":35570,"date":"2025-04-17T09:14:09","date_gmt":"2025-04-17T13:14:09","guid":{"rendered":"https:\/\/www.galerie-scrapbooking.com\/?post_type=product&#038;p=35570"},"modified":"2025-08-20T08:12:43","modified_gmt":"2025-08-20T12:12:43","slug":"lavinia-etampe-tonique-pour-la-sante","status":"publish","type":"product","link":"https:\/\/www.galerie-scrapbooking.com\/en\/produit\/lavinia-etampe-tonique-pour-la-sante\/","title":{"rendered":"Lavinia \u00c9tampe Tonique pour la sant\u00e9"},"content":{"rendered":"<h1>Lavinia \u00c9tampe Tonique pour la sant\u00e9<\/h1>\n<p>Un ensemble de quatre \u00e9tampes repr\u00e9sentant des pots et des cruches, disponibles en deux tailles.<\/p>\n<p>L&#8217;ensemble comprend quatre \u00e9tampes de grand et de petit format. Il existe des cruches avec anse et des carafes sans anse. Ce lot propose ces motifs en grand et en petit format.<\/p>\n<p>Ces \u00e9tampes sont parfaites pour d\u00e9corer une \u00e9tag\u00e8re, comme une biblioth\u00e8que ou des accessoires de porte pour Hobbits.<\/p>\n<p>Dimension approximative:<\/p>\n<p>2 cm x 2.1 cm, 2 cm x 2.6 cm, 1 cm x 1.4 cm et 1.1 cm x 1.3cm<\/p>\n","protected":false},"excerpt":{"rendered":"<p>Lavinia Stamp &#8211; Tonic of Health<\/p>\n","protected":false},"featured_media":35546,"template":"","meta":{"_acf_changed":false},"product_brand":[],"product_cat":[342,252,2226],"product_tag":[],"class_list":{"0":"post-35570","1":"product","2":"type-product","3":"status-publish","4":"has-post-thumbnail","6":"product_cat-etampes-lavinia","7":"product_cat-herazz-nouveautes","8":"product_cat-objets","9":"pa_brand_nc-lavinia","11":"first","12":"instock","13":"taxable","14":"shipping-taxable","15":"purchasable","16":"product-type-simple"},"acf":[],"aioseo_notices":[],"_links":{"self":[{"href":"https:\/\/www.galerie-scrapbooking.com\/en\/wp-json\/wp\/v2\/product\/35570","targetHints":{"allow":["GET"]}}],"collection":[{"href":"https:\/\/www.galerie-scrapbooking.com\/en\/wp-json\/wp\/v2\/product"}],"about":[{"href":"https:\/\/www.galerie-scrapbooking.com\/en\/wp-json\/wp\/v2\/types\/product"}],"wp:featuredmedia":[{"embeddable":true,"href":"https:\/\/www.galerie-scrapbooking.com\/en\/wp-json\/wp\/v2\/media\/35546"}],"wp:attachment":[{"href":"https:\/\/www.galerie-scrapbooking.com\/en\/wp-json\/wp\/v2\/media?parent=35570"}],"wp:term":[{"taxonomy":"product_brand","embeddable":true,"href":"https:\/\/www.galerie-scrapbooking.com\/en\/wp-json\/wp\/v2\/product_brand?post=35570"},{"taxonomy":"product_cat","embeddable":true,"href":"https:\/\/www.galerie-scrapbooking.com\/en\/wp-json\/wp\/v2\/product_cat?post=35570"},{"taxonomy":"product_tag","embeddable":true,"href":"https:\/\/www.galerie-scrapbooking.com\/en\/wp-json\/wp\/v2\/product_tag?post=35570"}],"curies":[{"name":"wp","href":"https:\/\/api.w.org\/{rel}","templated":true}]}}