{"id":35569,"date":"2025-04-17T09:14:09","date_gmt":"2025-04-17T13:14:09","guid":{"rendered":"https:\/\/www.galerie-scrapbooking.com\/?post_type=product&#038;p=35569"},"modified":"2025-11-03T14:30:39","modified_gmt":"2025-11-03T19:30:39","slug":"lavinia-etampe-balancoire-2","status":"publish","type":"product","link":"https:\/\/www.galerie-scrapbooking.com\/en\/produit\/lavinia-etampe-balancoire-2\/","title":{"rendered":"Lavinia \u00c9tampe Balan\u00e7oire"},"content":{"rendered":"<h1>Lavinia \u00c9tampe Balan\u00e7oire<\/h1>\n<p>Une \u00e9tampe unique repr\u00e9sentant une balan\u00e7oire.<\/p>\n<p>Cete \u00e9tampe repr\u00e9sente une jolie balan\u00e7oire avec un si\u00e8ge en bois et des d\u00e9tails en corde, notamment des n\u0153uds et des extr\u00e9mit\u00e9s effiloch\u00e9es.<\/p>\n<p>Pris la f\u00e9e peut \u00eatre magnifiquement assise sur cette balan\u00e7oire. Pour une sc\u00e8ne enchanteresse, ajoutez cette \u00e9tampe \u00e0 l&#8217;Arche.<\/p>\n<p>Dimension approximative:<\/p>\n<p>2.6 cm x 7.5 cm<\/p>\n","protected":false},"excerpt":{"rendered":"<p>Lavinia Stamp &#8211; Swing<\/p>\n","protected":false},"featured_media":35542,"template":"","meta":{"_acf_changed":false},"product_brand":[],"product_cat":[342,252,2226],"product_tag":[],"class_list":{"0":"post-35569","1":"product","2":"type-product","3":"status-publish","4":"has-post-thumbnail","6":"product_cat-etampes-lavinia","7":"product_cat-herazz-nouveautes","8":"product_cat-objets","9":"pa_brand_nc-lavinia","11":"first","12":"instock","13":"taxable","14":"shipping-taxable","15":"purchasable","16":"product-type-simple"},"acf":[],"aioseo_notices":[],"_links":{"self":[{"href":"https:\/\/www.galerie-scrapbooking.com\/en\/wp-json\/wp\/v2\/product\/35569","targetHints":{"allow":["GET"]}}],"collection":[{"href":"https:\/\/www.galerie-scrapbooking.com\/en\/wp-json\/wp\/v2\/product"}],"about":[{"href":"https:\/\/www.galerie-scrapbooking.com\/en\/wp-json\/wp\/v2\/types\/product"}],"wp:featuredmedia":[{"embeddable":true,"href":"https:\/\/www.galerie-scrapbooking.com\/en\/wp-json\/wp\/v2\/media\/35542"}],"wp:attachment":[{"href":"https:\/\/www.galerie-scrapbooking.com\/en\/wp-json\/wp\/v2\/media?parent=35569"}],"wp:term":[{"taxonomy":"product_brand","embeddable":true,"href":"https:\/\/www.galerie-scrapbooking.com\/en\/wp-json\/wp\/v2\/product_brand?post=35569"},{"taxonomy":"product_cat","embeddable":true,"href":"https:\/\/www.galerie-scrapbooking.com\/en\/wp-json\/wp\/v2\/product_cat?post=35569"},{"taxonomy":"product_tag","embeddable":true,"href":"https:\/\/www.galerie-scrapbooking.com\/en\/wp-json\/wp\/v2\/product_tag?post=35569"}],"curies":[{"name":"wp","href":"https:\/\/api.w.org\/{rel}","templated":true}]}}