{"id":35568,"date":"2025-04-17T09:14:09","date_gmt":"2025-04-17T13:14:09","guid":{"rendered":"https:\/\/www.galerie-scrapbooking.com\/?post_type=product&#038;p=35568"},"modified":"2025-08-20T08:12:41","modified_gmt":"2025-08-20T12:12:41","slug":"lavinia-etampe-candelabre-champignon","status":"publish","type":"product","link":"https:\/\/www.galerie-scrapbooking.com\/en\/produit\/lavinia-etampe-candelabre-champignon\/","title":{"rendered":"Lavinia \u00c9tampe Cand\u00e9labre champignon"},"content":{"rendered":"<h1>Lavinia \u00c9tampe Cand\u00e9labre champignon<\/h1>\n<p>Une \u00e9tampe unique repr\u00e9sentant un cand\u00e9labre sur le th\u00e8me des champignons.<\/p>\n<p>Cette \u00e9tampe repr\u00e9sente un magnifique cand\u00e9labre orn\u00e9 de d\u00e9tails en forme de champignon. Sa forme est tr\u00e8s organique, comme celle d&#8217;un petit arbre. Trois bougies sont allum\u00e9es.<\/p>\n<p>Cette \u00e9tampe est parfaiet pour cr\u00e9er une ambiance avec des livres ou autres \u00e9tampes.<\/p>\n<p>Dimension approximative:<\/p>\n<p>3.5 cm x 9.2 cm<\/p>\n","protected":false},"excerpt":{"rendered":"<p>Lavinia Stamp &#8211; Mushroom Candelabra<\/p>\n","protected":false},"featured_media":35530,"template":"","meta":{"_acf_changed":false},"product_brand":[],"product_cat":[342,252,2226],"product_tag":[],"class_list":{"0":"post-35568","1":"product","2":"type-product","3":"status-publish","4":"has-post-thumbnail","6":"product_cat-etampes-lavinia","7":"product_cat-herazz-nouveautes","8":"product_cat-objets","9":"pa_brand_nc-lavinia","11":"first","12":"instock","13":"taxable","14":"shipping-taxable","15":"purchasable","16":"product-type-simple"},"acf":[],"aioseo_notices":[],"_links":{"self":[{"href":"https:\/\/www.galerie-scrapbooking.com\/en\/wp-json\/wp\/v2\/product\/35568","targetHints":{"allow":["GET"]}}],"collection":[{"href":"https:\/\/www.galerie-scrapbooking.com\/en\/wp-json\/wp\/v2\/product"}],"about":[{"href":"https:\/\/www.galerie-scrapbooking.com\/en\/wp-json\/wp\/v2\/types\/product"}],"wp:featuredmedia":[{"embeddable":true,"href":"https:\/\/www.galerie-scrapbooking.com\/en\/wp-json\/wp\/v2\/media\/35530"}],"wp:attachment":[{"href":"https:\/\/www.galerie-scrapbooking.com\/en\/wp-json\/wp\/v2\/media?parent=35568"}],"wp:term":[{"taxonomy":"product_brand","embeddable":true,"href":"https:\/\/www.galerie-scrapbooking.com\/en\/wp-json\/wp\/v2\/product_brand?post=35568"},{"taxonomy":"product_cat","embeddable":true,"href":"https:\/\/www.galerie-scrapbooking.com\/en\/wp-json\/wp\/v2\/product_cat?post=35568"},{"taxonomy":"product_tag","embeddable":true,"href":"https:\/\/www.galerie-scrapbooking.com\/en\/wp-json\/wp\/v2\/product_tag?post=35568"}],"curies":[{"name":"wp","href":"https:\/\/api.w.org\/{rel}","templated":true}]}}