{"id":35567,"date":"2025-04-17T09:14:09","date_gmt":"2025-04-17T13:14:09","guid":{"rendered":"https:\/\/www.galerie-scrapbooking.com\/?post_type=product&#038;p=35567"},"modified":"2025-08-20T08:12:39","modified_gmt":"2025-08-20T12:12:39","slug":"lavinia-etampe-livres-miniatures","status":"publish","type":"product","link":"https:\/\/www.galerie-scrapbooking.com\/en\/produit\/lavinia-etampe-livres-miniatures\/","title":{"rendered":"Lavinia \u00c9tampe Livres miniatures"},"content":{"rendered":"<h1>Lavinia \u00c9tampe Livres miniatures<\/h1>\n<p>Un ensemble de trois petites \u00e9tampes repr\u00e9sentant des illustrations de livres.<\/p>\n<p>Ce lot comprend deux \u00e9tampes repr\u00e9sentant trois livres de tailles diff\u00e9rentes, parfaits pour composer une biblioth\u00e8que. Leurs dos sont d\u00e9cor\u00e9s de motifs g\u00e9om\u00e9triques. La troisi\u00e8me \u00e9tampe repr\u00e9sente un livre portant l&#8217;inscription \u00ab Apothecary \u00bb.<\/p>\n<p>\u00c0 ajouter aux accessoires de la biblioth\u00e8que ou de la porte du Hobbit pour une biblioth\u00e8que magique.<\/p>\n<p>Dimension approximative:<\/p>\n<p>1 cm x 1.3 cm, 0.5 cm x 1.7 cm et 1.3 cm x 1.7 cm<\/p>\n","protected":false},"excerpt":{"rendered":"<p>Lavinia Stamp &#8211; Miniature Books<\/p>\n","protected":false},"featured_media":35526,"template":"","meta":{"_acf_changed":false},"product_brand":[],"product_cat":[342,252,2226],"product_tag":[],"class_list":{"0":"post-35567","1":"product","2":"type-product","3":"status-publish","4":"has-post-thumbnail","6":"product_cat-etampes-lavinia","7":"product_cat-herazz-nouveautes","8":"product_cat-objets","9":"pa_brand_nc-lavinia","11":"first","12":"instock","13":"taxable","14":"shipping-taxable","15":"purchasable","16":"product-type-simple"},"acf":[],"aioseo_notices":[],"_links":{"self":[{"href":"https:\/\/www.galerie-scrapbooking.com\/en\/wp-json\/wp\/v2\/product\/35567","targetHints":{"allow":["GET"]}}],"collection":[{"href":"https:\/\/www.galerie-scrapbooking.com\/en\/wp-json\/wp\/v2\/product"}],"about":[{"href":"https:\/\/www.galerie-scrapbooking.com\/en\/wp-json\/wp\/v2\/types\/product"}],"wp:featuredmedia":[{"embeddable":true,"href":"https:\/\/www.galerie-scrapbooking.com\/en\/wp-json\/wp\/v2\/media\/35526"}],"wp:attachment":[{"href":"https:\/\/www.galerie-scrapbooking.com\/en\/wp-json\/wp\/v2\/media?parent=35567"}],"wp:term":[{"taxonomy":"product_brand","embeddable":true,"href":"https:\/\/www.galerie-scrapbooking.com\/en\/wp-json\/wp\/v2\/product_brand?post=35567"},{"taxonomy":"product_cat","embeddable":true,"href":"https:\/\/www.galerie-scrapbooking.com\/en\/wp-json\/wp\/v2\/product_cat?post=35567"},{"taxonomy":"product_tag","embeddable":true,"href":"https:\/\/www.galerie-scrapbooking.com\/en\/wp-json\/wp\/v2\/product_tag?post=35567"}],"curies":[{"name":"wp","href":"https:\/\/api.w.org\/{rel}","templated":true}]}}