{"id":35566,"date":"2025-04-17T09:14:09","date_gmt":"2025-04-17T13:14:09","guid":{"rendered":"https:\/\/www.galerie-scrapbooking.com\/?post_type=product&#038;p=35566"},"modified":"2025-12-28T11:16:23","modified_gmt":"2025-12-28T16:16:23","slug":"lavinia-etampe-encrier","status":"publish","type":"product","link":"https:\/\/www.galerie-scrapbooking.com\/en\/produit\/lavinia-etampe-encrier\/","title":{"rendered":"Lavinia \u00c9tampe Encrier"},"content":{"rendered":"<h1>Lavinia \u00c9tampe Encrier<\/h1>\n<p>Une seule \u00e9tampe repr\u00e9sentant un encrier et une plume.<\/p>\n<p>Cete \u00e9tampe est une magnifique illustration d&#8217;un encrier \u00e0 moiti\u00e9 plein, orn\u00e9 d&#8217;une aile de f\u00e9e en guise de plume.<\/p>\n<p>Pour cr\u00e9er une sc\u00e8ne d&#8217;\u00e9criture magique, ajoutez l&#8217;encrier \u00e0 l&#8217;ensemble d&#8217;\u00e9tampes \u00ab Livre des Sorts \u00bb.<\/p>\n<p>Dimension approximative:<\/p>\n<p>2.3 cm x 3.7 cm<\/p>\n","protected":false},"excerpt":{"rendered":"<p>Lavinia Stamp &#8211; Ink Pot<\/p>\n","protected":false},"featured_media":35520,"template":"","meta":{"_acf_changed":false},"product_brand":[],"product_cat":[342,252,2226],"product_tag":[],"class_list":{"0":"post-35566","1":"product","2":"type-product","3":"status-publish","4":"has-post-thumbnail","6":"product_cat-etampes-lavinia","7":"product_cat-herazz-nouveautes","8":"product_cat-objets","9":"pa_brand_nc-lavinia","11":"first","12":"instock","13":"taxable","14":"shipping-taxable","15":"purchasable","16":"product-type-simple"},"acf":[],"aioseo_notices":[],"_links":{"self":[{"href":"https:\/\/www.galerie-scrapbooking.com\/en\/wp-json\/wp\/v2\/product\/35566","targetHints":{"allow":["GET"]}}],"collection":[{"href":"https:\/\/www.galerie-scrapbooking.com\/en\/wp-json\/wp\/v2\/product"}],"about":[{"href":"https:\/\/www.galerie-scrapbooking.com\/en\/wp-json\/wp\/v2\/types\/product"}],"wp:featuredmedia":[{"embeddable":true,"href":"https:\/\/www.galerie-scrapbooking.com\/en\/wp-json\/wp\/v2\/media\/35520"}],"wp:attachment":[{"href":"https:\/\/www.galerie-scrapbooking.com\/en\/wp-json\/wp\/v2\/media?parent=35566"}],"wp:term":[{"taxonomy":"product_brand","embeddable":true,"href":"https:\/\/www.galerie-scrapbooking.com\/en\/wp-json\/wp\/v2\/product_brand?post=35566"},{"taxonomy":"product_cat","embeddable":true,"href":"https:\/\/www.galerie-scrapbooking.com\/en\/wp-json\/wp\/v2\/product_cat?post=35566"},{"taxonomy":"product_tag","embeddable":true,"href":"https:\/\/www.galerie-scrapbooking.com\/en\/wp-json\/wp\/v2\/product_tag?post=35566"}],"curies":[{"name":"wp","href":"https:\/\/api.w.org\/{rel}","templated":true}]}}