{"id":35564,"date":"2025-04-17T09:14:09","date_gmt":"2025-04-17T13:14:09","guid":{"rendered":"https:\/\/www.galerie-scrapbooking.com\/?post_type=product&#038;p=35564"},"modified":"2025-08-20T08:12:37","modified_gmt":"2025-08-20T12:12:37","slug":"lavinia-etampe-accessoires-de-porte-pour-hobbits","status":"publish","type":"product","link":"https:\/\/www.galerie-scrapbooking.com\/en\/produit\/lavinia-etampe-accessoires-de-porte-pour-hobbits\/","title":{"rendered":"Lavinia \u00c9tampe Accessoires de porte pour Hobbits"},"content":{"rendered":"<h1>Lavinia \u00c9tampe Accessoires de porte pour Hobbits<\/h1>\n<p>Un ensemble de quatre \u00e9tampes repr\u00e9sentant des planches de bois, un loquet et une poign\u00e9e.<\/p>\n<p>Cet ensemble polyvalent vous permet de cr\u00e9er une porte, une \u00e9tag\u00e8re ou une biblioth\u00e8que. Cr\u00e9ez une biblioth\u00e8que magique avec l&#8217;Arche ou tamponnez les planches \u00e0 la verticale pour cr\u00e9er une porte en planches avec les accessoires, le loquet et la poign\u00e9e.<\/p>\n<p>Ajoutez des tourbillons vintage pour cr\u00e9er votre propre style d&#8217;\u00e9tag\u00e8re.<\/p>\n<p>Dimension approximative:<\/p>\n<p>8.3 cm x 0.4 cm, 7 cm x 0.6 cm, 2.3 cm x 1.1 cm et 0.9 cm x 1.1 cm<\/p>\n","protected":false},"excerpt":{"rendered":"<p>Lavinia Stamp &#8211; Hobbits Door Accessories<\/p>\n","protected":false},"featured_media":35518,"template":"","meta":{"_acf_changed":false},"product_brand":[],"product_cat":[342,252,2226],"product_tag":[],"class_list":{"0":"post-35564","1":"product","2":"type-product","3":"status-publish","4":"has-post-thumbnail","6":"product_cat-etampes-lavinia","7":"product_cat-herazz-nouveautes","8":"product_cat-objets","9":"pa_brand_nc-lavinia","11":"first","12":"instock","13":"taxable","14":"shipping-taxable","15":"purchasable","16":"product-type-simple"},"acf":[],"aioseo_notices":[],"_links":{"self":[{"href":"https:\/\/www.galerie-scrapbooking.com\/en\/wp-json\/wp\/v2\/product\/35564","targetHints":{"allow":["GET"]}}],"collection":[{"href":"https:\/\/www.galerie-scrapbooking.com\/en\/wp-json\/wp\/v2\/product"}],"about":[{"href":"https:\/\/www.galerie-scrapbooking.com\/en\/wp-json\/wp\/v2\/types\/product"}],"wp:featuredmedia":[{"embeddable":true,"href":"https:\/\/www.galerie-scrapbooking.com\/en\/wp-json\/wp\/v2\/media\/35518"}],"wp:attachment":[{"href":"https:\/\/www.galerie-scrapbooking.com\/en\/wp-json\/wp\/v2\/media?parent=35564"}],"wp:term":[{"taxonomy":"product_brand","embeddable":true,"href":"https:\/\/www.galerie-scrapbooking.com\/en\/wp-json\/wp\/v2\/product_brand?post=35564"},{"taxonomy":"product_cat","embeddable":true,"href":"https:\/\/www.galerie-scrapbooking.com\/en\/wp-json\/wp\/v2\/product_cat?post=35564"},{"taxonomy":"product_tag","embeddable":true,"href":"https:\/\/www.galerie-scrapbooking.com\/en\/wp-json\/wp\/v2\/product_tag?post=35564"}],"curies":[{"name":"wp","href":"https:\/\/api.w.org\/{rel}","templated":true}]}}