{"id":35563,"date":"2025-04-17T09:14:09","date_gmt":"2025-04-17T13:14:09","guid":{"rendered":"https:\/\/www.galerie-scrapbooking.com\/?post_type=product&#038;p=35563"},"modified":"2025-08-20T08:12:36","modified_gmt":"2025-08-20T12:12:36","slug":"lavinia-etampe-horloge-grande-fee","status":"publish","type":"product","link":"https:\/\/www.galerie-scrapbooking.com\/en\/produit\/lavinia-etampe-horloge-grande-fee\/","title":{"rendered":"Lavinia \u00c9tampe Horloge Grande-F\u00e9e"},"content":{"rendered":"<h1>Lavinia \u00c9tampe Horloge Grande-F\u00e9e<\/h1>\n<p>Une \u00e9tampe unique repr\u00e9sentant une horloge de sol.<\/p>\n<p>Cette grande horloge poss\u00e8de un bo\u00eetier \u00e0 pendule ouvert et des marches \u00e0 la base. Elle est entour\u00e9e de vignes grimpantes complexes qui cr\u00e9ent une atmosph\u00e8re mystique.<\/p>\n<p>Cr\u00e9ez une ambiance bois\u00e9e originale en ajoutant les \u00e9tampes Cand\u00e9labre Vigne et Arche.<\/p>\n<p>Dimension approximative:<\/p>\n<p>6.2 cm x 14.1 cm<\/p>\n","protected":false},"excerpt":{"rendered":"<p>Lavinia Stamp &#8211; Grandfairy Clock<\/p>\n","protected":false},"featured_media":35514,"template":"","meta":{"_acf_changed":false},"product_brand":[],"product_cat":[342,252,2226],"product_tag":[],"class_list":{"0":"post-35563","1":"product","2":"type-product","3":"status-publish","4":"has-post-thumbnail","6":"product_cat-etampes-lavinia","7":"product_cat-herazz-nouveautes","8":"product_cat-objets","9":"pa_brand_nc-lavinia","11":"first","12":"instock","13":"taxable","14":"shipping-taxable","15":"purchasable","16":"product-type-simple"},"acf":[],"aioseo_notices":[],"_links":{"self":[{"href":"https:\/\/www.galerie-scrapbooking.com\/en\/wp-json\/wp\/v2\/product\/35563","targetHints":{"allow":["GET"]}}],"collection":[{"href":"https:\/\/www.galerie-scrapbooking.com\/en\/wp-json\/wp\/v2\/product"}],"about":[{"href":"https:\/\/www.galerie-scrapbooking.com\/en\/wp-json\/wp\/v2\/types\/product"}],"wp:featuredmedia":[{"embeddable":true,"href":"https:\/\/www.galerie-scrapbooking.com\/en\/wp-json\/wp\/v2\/media\/35514"}],"wp:attachment":[{"href":"https:\/\/www.galerie-scrapbooking.com\/en\/wp-json\/wp\/v2\/media?parent=35563"}],"wp:term":[{"taxonomy":"product_brand","embeddable":true,"href":"https:\/\/www.galerie-scrapbooking.com\/en\/wp-json\/wp\/v2\/product_brand?post=35563"},{"taxonomy":"product_cat","embeddable":true,"href":"https:\/\/www.galerie-scrapbooking.com\/en\/wp-json\/wp\/v2\/product_cat?post=35563"},{"taxonomy":"product_tag","embeddable":true,"href":"https:\/\/www.galerie-scrapbooking.com\/en\/wp-json\/wp\/v2\/product_tag?post=35563"}],"curies":[{"name":"wp","href":"https:\/\/api.w.org\/{rel}","templated":true}]}}