{"id":35561,"date":"2025-04-17T09:14:10","date_gmt":"2025-04-17T13:14:10","guid":{"rendered":"https:\/\/www.galerie-scrapbooking.com\/?post_type=product&#038;p=35561"},"modified":"2025-08-20T08:12:34","modified_gmt":"2025-08-20T12:12:34","slug":"lavinia-etampe-livres-remedes-et-maledictions","status":"publish","type":"product","link":"https:\/\/www.galerie-scrapbooking.com\/en\/produit\/lavinia-etampe-livres-remedes-et-maledictions\/","title":{"rendered":"Lavinia \u00c9tampe Livres Rem\u00e8des et Mal\u00e9dictions"},"content":{"rendered":"<h1>Lavinia \u00c9tampe Livres Rem\u00e8des et Mal\u00e9dictions<\/h1>\n<p>Ces livres pr\u00e9sentent des motifs ornementaux et complexes, parfaits pour cr\u00e9er une biblioth\u00e8que originale.<\/p>\n<p>Deux d&#8217;entre eux sont orn\u00e9s du logo Lavinia et d&#8217;un motif \u00e9toil\u00e9. Le dernier livre s&#8217;intitule \u00ab Lavinia Stamps \u00bb.<\/p>\n<p>Dimension approximative:<\/p>\n<p>1.5 cm x 6.6 cm, 1.4 cm x 5.8 cm et 1.2 cm x 5.2 cm<\/p>\n","protected":false},"excerpt":{"rendered":"<p>Lavinia Stamp &#8211; Cures &amp; Curses books<\/p>\n","protected":false},"featured_media":35504,"template":"","meta":{"_acf_changed":false},"product_brand":[],"product_cat":[342,252,2226],"product_tag":[],"class_list":{"0":"post-35561","1":"product","2":"type-product","3":"status-publish","4":"has-post-thumbnail","6":"product_cat-etampes-lavinia","7":"product_cat-herazz-nouveautes","8":"product_cat-objets","9":"pa_brand_nc-lavinia","11":"first","12":"instock","13":"taxable","14":"shipping-taxable","15":"purchasable","16":"product-type-simple"},"acf":[],"aioseo_notices":[],"_links":{"self":[{"href":"https:\/\/www.galerie-scrapbooking.com\/en\/wp-json\/wp\/v2\/product\/35561","targetHints":{"allow":["GET"]}}],"collection":[{"href":"https:\/\/www.galerie-scrapbooking.com\/en\/wp-json\/wp\/v2\/product"}],"about":[{"href":"https:\/\/www.galerie-scrapbooking.com\/en\/wp-json\/wp\/v2\/types\/product"}],"wp:featuredmedia":[{"embeddable":true,"href":"https:\/\/www.galerie-scrapbooking.com\/en\/wp-json\/wp\/v2\/media\/35504"}],"wp:attachment":[{"href":"https:\/\/www.galerie-scrapbooking.com\/en\/wp-json\/wp\/v2\/media?parent=35561"}],"wp:term":[{"taxonomy":"product_brand","embeddable":true,"href":"https:\/\/www.galerie-scrapbooking.com\/en\/wp-json\/wp\/v2\/product_brand?post=35561"},{"taxonomy":"product_cat","embeddable":true,"href":"https:\/\/www.galerie-scrapbooking.com\/en\/wp-json\/wp\/v2\/product_cat?post=35561"},{"taxonomy":"product_tag","embeddable":true,"href":"https:\/\/www.galerie-scrapbooking.com\/en\/wp-json\/wp\/v2\/product_tag?post=35561"}],"curies":[{"name":"wp","href":"https:\/\/api.w.org\/{rel}","templated":true}]}}