{"id":35560,"date":"2025-04-17T09:14:10","date_gmt":"2025-04-17T13:14:10","guid":{"rendered":"https:\/\/www.galerie-scrapbooking.com\/?post_type=product&#038;p=35560"},"modified":"2025-08-20T08:12:33","modified_gmt":"2025-08-20T12:12:33","slug":"lavinia-etampe-cloche-de-verre","status":"publish","type":"product","link":"https:\/\/www.galerie-scrapbooking.com\/en\/produit\/lavinia-etampe-cloche-de-verre\/","title":{"rendered":"Lavinia \u00c9tampe Cloche de verre"},"content":{"rendered":"<h1>Lavinia \u00c9tampe Cloche de verre<\/h1>\n<p>Une \u00e9tampe unique repr\u00e9sentant une cloche.<\/p>\n<p>Le d\u00f4me en verre de la cloche est dot\u00e9 d&#8217;une poign\u00e9e sph\u00e9rique et repose sur une base incurv\u00e9e \u00e0 plusieurs niveaux.<\/p>\n<p>Les objets parfaits \u00e0 conserver dans la cloche seraient les Champignons \u00e0 chapeau etc.<\/p>\n<p>Dimension approximative:<\/p>\n<p>5.7 x 9.0 cm<\/p>\n","protected":false},"excerpt":{"rendered":"<p>Lavinia Stamp &#8211; Cloche<\/p>\n","protected":false},"featured_media":35500,"template":"","meta":{"_acf_changed":false},"product_brand":[],"product_cat":[342,252,2226],"product_tag":[],"class_list":{"0":"post-35560","1":"product","2":"type-product","3":"status-publish","4":"has-post-thumbnail","6":"product_cat-etampes-lavinia","7":"product_cat-herazz-nouveautes","8":"product_cat-objets","9":"pa_brand_nc-lavinia","11":"first","12":"instock","13":"taxable","14":"shipping-taxable","15":"purchasable","16":"product-type-simple"},"acf":[],"aioseo_notices":[],"_links":{"self":[{"href":"https:\/\/www.galerie-scrapbooking.com\/en\/wp-json\/wp\/v2\/product\/35560","targetHints":{"allow":["GET"]}}],"collection":[{"href":"https:\/\/www.galerie-scrapbooking.com\/en\/wp-json\/wp\/v2\/product"}],"about":[{"href":"https:\/\/www.galerie-scrapbooking.com\/en\/wp-json\/wp\/v2\/types\/product"}],"wp:featuredmedia":[{"embeddable":true,"href":"https:\/\/www.galerie-scrapbooking.com\/en\/wp-json\/wp\/v2\/media\/35500"}],"wp:attachment":[{"href":"https:\/\/www.galerie-scrapbooking.com\/en\/wp-json\/wp\/v2\/media?parent=35560"}],"wp:term":[{"taxonomy":"product_brand","embeddable":true,"href":"https:\/\/www.galerie-scrapbooking.com\/en\/wp-json\/wp\/v2\/product_brand?post=35560"},{"taxonomy":"product_cat","embeddable":true,"href":"https:\/\/www.galerie-scrapbooking.com\/en\/wp-json\/wp\/v2\/product_cat?post=35560"},{"taxonomy":"product_tag","embeddable":true,"href":"https:\/\/www.galerie-scrapbooking.com\/en\/wp-json\/wp\/v2\/product_tag?post=35560"}],"curies":[{"name":"wp","href":"https:\/\/api.w.org\/{rel}","templated":true}]}}