{"id":35559,"date":"2025-04-17T09:14:29","date_gmt":"2025-04-17T13:14:29","guid":{"rendered":"https:\/\/www.galerie-scrapbooking.com\/?post_type=product&#038;p=35559"},"modified":"2026-01-06T12:53:25","modified_gmt":"2026-01-06T17:53:25","slug":"lavinia-etampe-etageres","status":"publish","type":"product","link":"https:\/\/www.galerie-scrapbooking.com\/en\/produit\/lavinia-etampe-etageres\/","title":{"rendered":"Lavinia \u00c9tampe \u00c9tag\u00e8res"},"content":{"rendered":"<h1>Lavinia \u00c9tampe \u00c9tag\u00e8res<\/h1>\n<p>Un ensemble de deux \u00e9tampes repr\u00e9sentant des \u00e9tag\u00e8res de diff\u00e9rentes tailles.<\/p>\n<p>Cet ensemble d&#8217;\u00e9tampes assorties comprend une grande et une petite \u00e9tag\u00e8re au design rustique en bois.<\/p>\n<p>Ces \u00e9tampes sont parfaites pour ranger les bouteilles de l&#8217;ensemble d&#8217;\u00e9tampes \u00ab Tonique de sant\u00e9 \u00bb ou m\u00eame le Livre des mots perdus.<\/p>\n<p>Dimension approximative:<\/p>\n<p>8 cm x 1.4 cm and 5.2 cm x 0.8 cm<\/p>\n","protected":false},"excerpt":{"rendered":"<p>Lavinia Stamp &#8211;\u00a0Bookshelf<\/p>\n","protected":false},"featured_media":35498,"template":"","meta":{"_acf_changed":false},"product_brand":[],"product_cat":[342,252,2226],"product_tag":[],"class_list":{"0":"post-35559","1":"product","2":"type-product","3":"status-publish","4":"has-post-thumbnail","6":"product_cat-etampes-lavinia","7":"product_cat-herazz-nouveautes","8":"product_cat-objets","9":"pa_brand_nc-lavinia","11":"first","12":"instock","13":"taxable","14":"shipping-taxable","15":"purchasable","16":"product-type-simple"},"acf":[],"aioseo_notices":[],"_links":{"self":[{"href":"https:\/\/www.galerie-scrapbooking.com\/en\/wp-json\/wp\/v2\/product\/35559","targetHints":{"allow":["GET"]}}],"collection":[{"href":"https:\/\/www.galerie-scrapbooking.com\/en\/wp-json\/wp\/v2\/product"}],"about":[{"href":"https:\/\/www.galerie-scrapbooking.com\/en\/wp-json\/wp\/v2\/types\/product"}],"wp:featuredmedia":[{"embeddable":true,"href":"https:\/\/www.galerie-scrapbooking.com\/en\/wp-json\/wp\/v2\/media\/35498"}],"wp:attachment":[{"href":"https:\/\/www.galerie-scrapbooking.com\/en\/wp-json\/wp\/v2\/media?parent=35559"}],"wp:term":[{"taxonomy":"product_brand","embeddable":true,"href":"https:\/\/www.galerie-scrapbooking.com\/en\/wp-json\/wp\/v2\/product_brand?post=35559"},{"taxonomy":"product_cat","embeddable":true,"href":"https:\/\/www.galerie-scrapbooking.com\/en\/wp-json\/wp\/v2\/product_cat?post=35559"},{"taxonomy":"product_tag","embeddable":true,"href":"https:\/\/www.galerie-scrapbooking.com\/en\/wp-json\/wp\/v2\/product_tag?post=35559"}],"curies":[{"name":"wp","href":"https:\/\/api.w.org\/{rel}","templated":true}]}}