{"id":35558,"date":"2025-04-17T09:14:29","date_gmt":"2025-04-17T13:14:29","guid":{"rendered":"https:\/\/www.galerie-scrapbooking.com\/?post_type=product&#038;p=35558"},"modified":"2025-12-28T11:16:57","modified_gmt":"2025-12-28T16:16:57","slug":"lavinia-etampe-le-livre-des-mots-perdus","status":"publish","type":"product","link":"https:\/\/www.galerie-scrapbooking.com\/en\/produit\/lavinia-etampe-le-livre-des-mots-perdus\/","title":{"rendered":"Lavinia \u00c9tampe Le Livre des mots perdus"},"content":{"rendered":"<h1>Lavinia \u00c9tampe Livre des mots perdus<\/h1>\n<p>Un ensemble de trois \u00e9tampes repr\u00e9sentant des illustrations de livres.<\/p>\n<p>Cet ensemble de trois \u00e9tampes pr\u00e9sente des illustrations de dos de livres anciens, comme dans une biblioth\u00e8que. Il existe un ensemble de quatre livres, un ensemble de trois et un seul.<\/p>\n<p>Ces livres sont parfaits pour d\u00e9corer une biblioth\u00e8que magique.<\/p>\n<p>Dimension approximative:<\/p>\n<p>2.5 cm x 3.5 cm, 0.5 cm x 3 cm et 2.5 cm x 3.5 cm<\/p>\n","protected":false},"excerpt":{"rendered":"<p>Lavinia Stamp &#8211; Book of Lost Words<\/p>\n","protected":false},"featured_media":35494,"template":"","meta":{"_acf_changed":false},"product_brand":[],"product_cat":[342,252,2226],"product_tag":[],"class_list":{"0":"post-35558","1":"product","2":"type-product","3":"status-publish","4":"has-post-thumbnail","6":"product_cat-etampes-lavinia","7":"product_cat-herazz-nouveautes","8":"product_cat-objets","9":"pa_brand_nc-lavinia","11":"first","12":"instock","13":"taxable","14":"shipping-taxable","15":"purchasable","16":"product-type-simple"},"acf":[],"aioseo_notices":[],"_links":{"self":[{"href":"https:\/\/www.galerie-scrapbooking.com\/en\/wp-json\/wp\/v2\/product\/35558","targetHints":{"allow":["GET"]}}],"collection":[{"href":"https:\/\/www.galerie-scrapbooking.com\/en\/wp-json\/wp\/v2\/product"}],"about":[{"href":"https:\/\/www.galerie-scrapbooking.com\/en\/wp-json\/wp\/v2\/types\/product"}],"wp:featuredmedia":[{"embeddable":true,"href":"https:\/\/www.galerie-scrapbooking.com\/en\/wp-json\/wp\/v2\/media\/35494"}],"wp:attachment":[{"href":"https:\/\/www.galerie-scrapbooking.com\/en\/wp-json\/wp\/v2\/media?parent=35558"}],"wp:term":[{"taxonomy":"product_brand","embeddable":true,"href":"https:\/\/www.galerie-scrapbooking.com\/en\/wp-json\/wp\/v2\/product_brand?post=35558"},{"taxonomy":"product_cat","embeddable":true,"href":"https:\/\/www.galerie-scrapbooking.com\/en\/wp-json\/wp\/v2\/product_cat?post=35558"},{"taxonomy":"product_tag","embeddable":true,"href":"https:\/\/www.galerie-scrapbooking.com\/en\/wp-json\/wp\/v2\/product_tag?post=35558"}],"curies":[{"name":"wp","href":"https:\/\/api.w.org\/{rel}","templated":true}]}}