{"id":35489,"date":"2025-04-17T09:14:29","date_gmt":"2025-04-17T13:14:29","guid":{"rendered":"https:\/\/www.galerie-scrapbooking.com\/?post_type=product&#038;p=35489"},"modified":"2025-08-20T08:12:30","modified_gmt":"2025-08-20T12:12:30","slug":"lavinia-etampe-arche-voute-dentree","status":"publish","type":"product","link":"https:\/\/www.galerie-scrapbooking.com\/en\/produit\/lavinia-etampe-arche-voute-dentree\/","title":{"rendered":"Lavinia \u00c9tampe Arche Vo\u00fbte d&#8217;Entr\u00e9e"},"content":{"rendered":"<h1>Lavinia \u00c9tampe Arche Vo\u00fbte d&#8217;Entr\u00e9e<\/h1>\n<p>Une \u00e9tampe unique repr\u00e9sentant une arche.<\/p>\n<p>Cette \u00e9tampe illustre une arche magnifiquement d\u00e9taill\u00e9e, avec un th\u00e8me organique et naturel. Avec ses vignes grimpantes et ses vrilles, elle embellira \u00e0 merveille toute carte magique.<\/p>\n<p>Ajoutez une touche de fantaisie \u00e0 vos d\u00e9cors avec les tampons Champignons \u00e0 capuchon ou Cand\u00e9labre \u00e0 vigne.<\/p>\n<p>N\u00e9cessite l&#8217;utilisation d&#8217;un bloc acrylique.<\/p>\n<p>Dimension approximative: 8.3 x 10 cm.<\/p>\n","protected":false},"excerpt":{"rendered":"<p>Lavinia Stamp &#8211; Archway Stamp<\/p>\n","protected":false},"featured_media":35490,"template":"","meta":{"_acf_changed":false},"product_brand":[],"product_cat":[420,342,424,252],"product_tag":[],"class_list":{"0":"post-35489","1":"product","2":"type-product","3":"status-publish","4":"has-post-thumbnail","6":"product_cat-arbre-paysage","7":"product_cat-etampes-lavinia","8":"product_cat-mystique-zen","9":"product_cat-herazz-nouveautes","10":"pa_brand_nc-lavinia","12":"first","13":"instock","14":"taxable","15":"shipping-taxable","16":"purchasable","17":"product-type-simple"},"acf":[],"aioseo_notices":[],"_links":{"self":[{"href":"https:\/\/www.galerie-scrapbooking.com\/en\/wp-json\/wp\/v2\/product\/35489","targetHints":{"allow":["GET"]}}],"collection":[{"href":"https:\/\/www.galerie-scrapbooking.com\/en\/wp-json\/wp\/v2\/product"}],"about":[{"href":"https:\/\/www.galerie-scrapbooking.com\/en\/wp-json\/wp\/v2\/types\/product"}],"wp:featuredmedia":[{"embeddable":true,"href":"https:\/\/www.galerie-scrapbooking.com\/en\/wp-json\/wp\/v2\/media\/35490"}],"wp:attachment":[{"href":"https:\/\/www.galerie-scrapbooking.com\/en\/wp-json\/wp\/v2\/media?parent=35489"}],"wp:term":[{"taxonomy":"product_brand","embeddable":true,"href":"https:\/\/www.galerie-scrapbooking.com\/en\/wp-json\/wp\/v2\/product_brand?post=35489"},{"taxonomy":"product_cat","embeddable":true,"href":"https:\/\/www.galerie-scrapbooking.com\/en\/wp-json\/wp\/v2\/product_cat?post=35489"},{"taxonomy":"product_tag","embeddable":true,"href":"https:\/\/www.galerie-scrapbooking.com\/en\/wp-json\/wp\/v2\/product_tag?post=35489"}],"curies":[{"name":"wp","href":"https:\/\/api.w.org\/{rel}","templated":true}]}}