{"id":35471,"date":"2025-04-10T09:41:59","date_gmt":"2025-04-10T13:41:59","guid":{"rendered":"https:\/\/www.galerie-scrapbooking.com\/?post_type=product&#038;p=35471"},"modified":"2026-02-26T16:00:13","modified_gmt":"2026-02-26T21:00:13","slug":"sizzix-die-thinlits-par-tim-holtz-coffre-industriel","status":"publish","type":"product","link":"https:\/\/www.galerie-scrapbooking.com\/en\/produit\/sizzix-die-thinlits-par-tim-holtz-coffre-industriel\/","title":{"rendered":"Sizzix Die Thinlits par Tim Holtz Coffre industriel"},"content":{"rendered":"<h1>Sizzix Die Thinlits par Tim Holtz Coffre industriel<\/h1>\n<p>Pr\u00e9parez-vous \u00e0 passer \u00e0 la vitesse sup\u00e9rieure en mati\u00e8re de loisirs cr\u00e9atifs ! Transformez vos projets cr\u00e9atifs avec le coffret de 37 matrices Thinlits Vault Industrial de Tim Holtz, parfait pour les amateurs de m\u00e9canique et de design industriel. Polyvalent, ce coffret propose une multitude d&#8217;\u00e9l\u00e9ments minutieusement con\u00e7us, dont des formes complexes comme des jauges, des ampoules, des tuyaux, des engrenages et des chiffres, parfaits pour ajouter une touche d&#8217;ing\u00e9niosit\u00e9 \u00e0 vos cr\u00e9ations.<\/p>\n<p>Chaque \u00e9l\u00e9ment est con\u00e7u pour vous aider \u00e0 cr\u00e9er des motifs uniques et accrocheurs, empreints d&#8217;un esprit industrieux. Id\u00e9al pour le scrapbooking, la carterie ou tout autre projet, ce coffret au chic industriel est un incontournable pour tous ceux qui souhaitent ajouter une touche m\u00e9canique \u00e0 leurs cr\u00e9ations. Pr\u00e9parez-vous \u00e0 cr\u00e9er quelque chose d&#8217;extraordinaire !<\/p>\n<p>Ces matrices sont compatibles avec la Switch, Sizzix BIGkick, BigShot, Vagabond et Big Shot Pro, Platinums.<\/p>\n<p>Dimensions approximatives: 1 3\/4&#8243; x 1 3\/4&#8243; &#8211; 1\/4&#8243; x 3\/4&#8243;<\/p>\n","protected":false},"excerpt":{"rendered":"<p>Sizzix Thinlits Die Set 37\/PK &#8211; Vault Industrial by Tim Holt<\/p>\n","protected":false},"featured_media":35472,"template":"","meta":{"_acf_changed":false},"product_brand":[],"product_cat":[252,87,255],"product_tag":[],"class_list":{"0":"post-35471","1":"product","2":"type-product","3":"status-publish","4":"has-post-thumbnail","6":"product_cat-herazz-nouveautes","7":"product_cat-sizzix","8":"product_cat-matrices-thinlits-framelits-sizzix","9":"pa_brand_nc-sizzix","11":"first","12":"instock","13":"taxable","14":"shipping-taxable","15":"purchasable","16":"product-type-simple"},"acf":[],"aioseo_notices":[],"_links":{"self":[{"href":"https:\/\/www.galerie-scrapbooking.com\/en\/wp-json\/wp\/v2\/product\/35471","targetHints":{"allow":["GET"]}}],"collection":[{"href":"https:\/\/www.galerie-scrapbooking.com\/en\/wp-json\/wp\/v2\/product"}],"about":[{"href":"https:\/\/www.galerie-scrapbooking.com\/en\/wp-json\/wp\/v2\/types\/product"}],"wp:featuredmedia":[{"embeddable":true,"href":"https:\/\/www.galerie-scrapbooking.com\/en\/wp-json\/wp\/v2\/media\/35472"}],"wp:attachment":[{"href":"https:\/\/www.galerie-scrapbooking.com\/en\/wp-json\/wp\/v2\/media?parent=35471"}],"wp:term":[{"taxonomy":"product_brand","embeddable":true,"href":"https:\/\/www.galerie-scrapbooking.com\/en\/wp-json\/wp\/v2\/product_brand?post=35471"},{"taxonomy":"product_cat","embeddable":true,"href":"https:\/\/www.galerie-scrapbooking.com\/en\/wp-json\/wp\/v2\/product_cat?post=35471"},{"taxonomy":"product_tag","embeddable":true,"href":"https:\/\/www.galerie-scrapbooking.com\/en\/wp-json\/wp\/v2\/product_tag?post=35471"}],"curies":[{"name":"wp","href":"https:\/\/api.w.org\/{rel}","templated":true}]}}