{"id":35470,"date":"2025-04-10T09:41:59","date_gmt":"2025-04-10T13:41:59","guid":{"rendered":"https:\/\/www.galerie-scrapbooking.com\/?post_type=product&#038;p=35470"},"modified":"2025-08-20T08:13:07","modified_gmt":"2025-08-20T12:13:07","slug":"elizabeth-craft-die-colibri-a-couches-multiples","status":"publish","type":"product","link":"https:\/\/www.galerie-scrapbooking.com\/en\/produit\/elizabeth-craft-die-colibri-a-couches-multiples\/","title":{"rendered":"Elizabeth Craft Die Colibri \u00e0 couches multiples"},"content":{"rendered":"<h1>Elizabeth Craft Die Colibri \u00e0 couches multiples<\/h1>\n<p>Cr\u00e9ez des colibris \u00e9clatants et des fleurs d\u00e9licates avec ces matrices superpos\u00e9es magnifiquement d\u00e9taill\u00e9es, parfaites pour ajouter une touche de nature \u00e0 vos projets. Parfait pour les loisirs cr\u00e9atifs estivaux, ce set polyvalent apportera une touche d&#8217;\u00e9l\u00e9gance et de nature \u00e0 vos cr\u00e9ations tout au long de l&#8217;ann\u00e9e.<\/p>\n<p>La seule limite est votre imagination. Utilisez la matrice d\u00e9coup\u00e9e seule sur un projet ou m\u00e9langez-la avec d&#8217;autres matrices. Ils sont compatibles avec la plupart des principales machines de d\u00e9coupe.<\/p>\n<p>Plus grande taille de matrice : 4&#8243; x 3.3&#8243; (10 x 8.5 cm).<\/p>\n<p>Ce paquet contient 16 matrices.<\/p>\n","protected":false},"excerpt":{"rendered":"<p>Elizabeth Craft Metal Die &#8211; Layered Hummingbird<\/p>\n","protected":false},"featured_media":35457,"template":"","meta":{"_acf_changed":false},"product_brand":[],"product_cat":[235,252],"product_tag":[],"class_list":{"0":"post-35470","1":"product","2":"type-product","3":"status-publish","4":"has-post-thumbnail","6":"product_cat-elizabeth-craft-matrices-decoupes-dies-scrapbooking","7":"product_cat-herazz-nouveautes","8":"pa_brand_nc-elizabeth-craft-designs","10":"first","11":"instock","12":"taxable","13":"shipping-taxable","14":"purchasable","15":"product-type-simple"},"acf":[],"aioseo_notices":[],"_links":{"self":[{"href":"https:\/\/www.galerie-scrapbooking.com\/en\/wp-json\/wp\/v2\/product\/35470","targetHints":{"allow":["GET"]}}],"collection":[{"href":"https:\/\/www.galerie-scrapbooking.com\/en\/wp-json\/wp\/v2\/product"}],"about":[{"href":"https:\/\/www.galerie-scrapbooking.com\/en\/wp-json\/wp\/v2\/types\/product"}],"wp:featuredmedia":[{"embeddable":true,"href":"https:\/\/www.galerie-scrapbooking.com\/en\/wp-json\/wp\/v2\/media\/35457"}],"wp:attachment":[{"href":"https:\/\/www.galerie-scrapbooking.com\/en\/wp-json\/wp\/v2\/media?parent=35470"}],"wp:term":[{"taxonomy":"product_brand","embeddable":true,"href":"https:\/\/www.galerie-scrapbooking.com\/en\/wp-json\/wp\/v2\/product_brand?post=35470"},{"taxonomy":"product_cat","embeddable":true,"href":"https:\/\/www.galerie-scrapbooking.com\/en\/wp-json\/wp\/v2\/product_cat?post=35470"},{"taxonomy":"product_tag","embeddable":true,"href":"https:\/\/www.galerie-scrapbooking.com\/en\/wp-json\/wp\/v2\/product_tag?post=35470"}],"curies":[{"name":"wp","href":"https:\/\/api.w.org\/{rel}","templated":true}]}}