{"id":35469,"date":"2025-04-10T09:41:59","date_gmt":"2025-04-10T13:41:59","guid":{"rendered":"https:\/\/www.galerie-scrapbooking.com\/?post_type=product&#038;p=35469"},"modified":"2025-08-20T08:13:06","modified_gmt":"2025-08-20T12:13:06","slug":"elizabeth-craft-die-cheers","status":"publish","type":"product","link":"https:\/\/www.galerie-scrapbooking.com\/en\/produit\/elizabeth-craft-die-cheers\/","title":{"rendered":"Elizabeth Craft Die Cheers"},"content":{"rendered":"<h1>Elizabeth Craft Die Cheers<\/h1>\n<p>Les Matrices Cheers sont id\u00e9ales pour r\u00e9aliser des cr\u00e9ations festives et amusantes. Cr\u00e9ez des verres audacieux et festifs avec des accessoires amusants comme des garnitures de fruits, des gla\u00e7ons et des parapluies, parfaits pour cr\u00e9er des cartes, des invitations et bien plus encore, aux couleurs vives et joyeuses.<\/p>\n<p>Cette ensemble polyvalente sera votre alli\u00e9 pour les f\u00eates tout au long de l&#8217;ann\u00e9e !<\/p>\n<p>La seule limite est votre imagination. Utilisez la matrice d\u00e9coup\u00e9e seule sur un projet ou m\u00e9langez-la avec d&#8217;autres matrices. Ils sont compatibles avec la plupart des principales machines de d\u00e9coupe.<\/p>\n<p>Plus grande taille de matrice : 2&#8243; x 2.6&#8243; (5 x 6.7 cm).<\/p>\n<p>Ce paquet contient 17 matrices.<\/p>\n","protected":false},"excerpt":{"rendered":"<p>Elizabeth Craft Metal Die &#8211; Cheers to You<\/p>\n","protected":false},"featured_media":35453,"template":"","meta":{"_acf_changed":false},"product_brand":[],"product_cat":[235,252],"product_tag":[],"class_list":{"0":"post-35469","1":"product","2":"type-product","3":"status-publish","4":"has-post-thumbnail","6":"product_cat-elizabeth-craft-matrices-decoupes-dies-scrapbooking","7":"product_cat-herazz-nouveautes","8":"pa_brand_nc-elizabeth-craft-designs","10":"first","11":"instock","12":"taxable","13":"shipping-taxable","14":"purchasable","15":"product-type-simple"},"acf":[],"aioseo_notices":[],"_links":{"self":[{"href":"https:\/\/www.galerie-scrapbooking.com\/en\/wp-json\/wp\/v2\/product\/35469","targetHints":{"allow":["GET"]}}],"collection":[{"href":"https:\/\/www.galerie-scrapbooking.com\/en\/wp-json\/wp\/v2\/product"}],"about":[{"href":"https:\/\/www.galerie-scrapbooking.com\/en\/wp-json\/wp\/v2\/types\/product"}],"wp:featuredmedia":[{"embeddable":true,"href":"https:\/\/www.galerie-scrapbooking.com\/en\/wp-json\/wp\/v2\/media\/35453"}],"wp:attachment":[{"href":"https:\/\/www.galerie-scrapbooking.com\/en\/wp-json\/wp\/v2\/media?parent=35469"}],"wp:term":[{"taxonomy":"product_brand","embeddable":true,"href":"https:\/\/www.galerie-scrapbooking.com\/en\/wp-json\/wp\/v2\/product_brand?post=35469"},{"taxonomy":"product_cat","embeddable":true,"href":"https:\/\/www.galerie-scrapbooking.com\/en\/wp-json\/wp\/v2\/product_cat?post=35469"},{"taxonomy":"product_tag","embeddable":true,"href":"https:\/\/www.galerie-scrapbooking.com\/en\/wp-json\/wp\/v2\/product_tag?post=35469"}],"curies":[{"name":"wp","href":"https:\/\/api.w.org\/{rel}","templated":true}]}}