{"id":35425,"date":"2025-04-03T08:36:48","date_gmt":"2025-04-03T12:36:48","guid":{"rendered":"https:\/\/www.galerie-scrapbooking.com\/?post_type=product&#038;p=35425"},"modified":"2025-08-20T08:13:14","modified_gmt":"2025-08-20T12:13:14","slug":"karen-burniston-dies-bateau-de-peche-pop-up","status":"publish","type":"product","link":"https:\/\/www.galerie-scrapbooking.com\/en\/produit\/karen-burniston-dies-bateau-de-peche-pop-up\/","title":{"rendered":"Karen Burniston Dies Bateau de p\u00eache Pop-up"},"content":{"rendered":"<h1>Karen Burniston Dies Bateau de p\u00eache Pop-up<\/h1>\n<p>Les matrices Karen Burniston donneront une touche suppl\u00e9mentaire \u00e0 tout projet de papier et sont compatibles avec la plupart des machines de d\u00e9coupe. Matrice qui s&#8217;agence avec la matrice d&#8217;ajout du bateau 1297.<\/p>\n<p>Ce paquet contient 11 matrices.<\/p>\n<p><strong>Vid\u00e9o pas \u00e0 pas pour faire le bateau dans une carte de Karen Burniston:<\/strong><\/p>\n<p><iframe loading=\"lazy\" title=\"YouTube video player\" src=\"https:\/\/www.youtube.com\/embed\/7L0EnFuUw6M?si=6nXz8ySMpVlwSpiI\" width=\"560\" height=\"315\" frameborder=\"0\" allowfullscreen=\"allowfullscreen\"><\/iframe><\/p>\n","protected":false},"excerpt":{"rendered":"<p>Karen Burniston Dies &#8211; Fishing Boat Pop-up<\/p>\n","protected":false},"featured_media":35426,"template":"","meta":{"_acf_changed":false},"product_brand":[],"product_cat":[351,252],"product_tag":[],"class_list":{"0":"post-35425","1":"product","2":"type-product","3":"status-publish","4":"has-post-thumbnail","6":"product_cat-karen-burniston-dies-matrices-decoupes","7":"product_cat-herazz-nouveautes","8":"pa_brand_nc-karen-burniston","10":"first","11":"instock","12":"taxable","13":"shipping-taxable","14":"purchasable","15":"product-type-simple"},"acf":[],"aioseo_notices":[],"_links":{"self":[{"href":"https:\/\/www.galerie-scrapbooking.com\/en\/wp-json\/wp\/v2\/product\/35425","targetHints":{"allow":["GET"]}}],"collection":[{"href":"https:\/\/www.galerie-scrapbooking.com\/en\/wp-json\/wp\/v2\/product"}],"about":[{"href":"https:\/\/www.galerie-scrapbooking.com\/en\/wp-json\/wp\/v2\/types\/product"}],"wp:featuredmedia":[{"embeddable":true,"href":"https:\/\/www.galerie-scrapbooking.com\/en\/wp-json\/wp\/v2\/media\/35426"}],"wp:attachment":[{"href":"https:\/\/www.galerie-scrapbooking.com\/en\/wp-json\/wp\/v2\/media?parent=35425"}],"wp:term":[{"taxonomy":"product_brand","embeddable":true,"href":"https:\/\/www.galerie-scrapbooking.com\/en\/wp-json\/wp\/v2\/product_brand?post=35425"},{"taxonomy":"product_cat","embeddable":true,"href":"https:\/\/www.galerie-scrapbooking.com\/en\/wp-json\/wp\/v2\/product_cat?post=35425"},{"taxonomy":"product_tag","embeddable":true,"href":"https:\/\/www.galerie-scrapbooking.com\/en\/wp-json\/wp\/v2\/product_tag?post=35425"}],"curies":[{"name":"wp","href":"https:\/\/api.w.org\/{rel}","templated":true}]}}