{"id":35420,"date":"2025-04-03T08:36:48","date_gmt":"2025-04-03T12:36:48","guid":{"rendered":"https:\/\/www.galerie-scrapbooking.com\/?post_type=product&#038;p=35420"},"modified":"2025-08-20T08:13:12","modified_gmt":"2025-08-20T12:13:12","slug":"sizzix-plaque-de-decoupage-dimensionnelle-6x6","status":"publish","type":"product","link":"https:\/\/www.galerie-scrapbooking.com\/en\/produit\/sizzix-plaque-de-decoupage-dimensionnelle-6x6\/","title":{"rendered":"Sizzix Plaque de D\u00e9coupage dimensionnelle 6&#8243;X6&#8243;"},"content":{"rendered":"<h1>Sizzix Plaque de D\u00e9coupage dimensionnelle 6&#8243;X6&#8243;<\/h1>\n<p>Ajoutez de la dimension \u00e0 presque toutes les d\u00e9coupes Sizzix. Cette plaque pr\u00e9sente une ligne biseaut\u00e9e au centre qui prot\u00e8ge cette zone de la lame.<\/p>\n<p>Une fois la forme d\u00e9coup\u00e9e, une charni\u00e8re maintient la d\u00e9coupe fix\u00e9e au mat\u00e9riau. Repliez les pi\u00e8ces d\u00e9coup\u00e9es vers le haut pour donner instantan\u00e9ment de la dimension !<\/p>\n<p>Fonctionne avec toutes les Big Shot (incluant la Switch \u00e9lectrique) et la Vagabond.<\/p>\n<p>Ce paquet contient une plaque de d\u00e9coupe de 15 x 15 cm.<\/p>\n<p><strong>Vid\u00e9o de d\u00e9monstration par Tim Holtz:<\/strong><br \/>\n<iframe loading=\"lazy\" title=\"YouTube video player\" src=\"https:\/\/www.youtube.com\/embed\/3qBArLIxYmo?si=WNOF1VXnWpnc9MsN\" width=\"560\" height=\"315\" frameborder=\"0\" allowfullscreen=\"allowfullscreen\"><\/iframe><\/p>\n","protected":false},"excerpt":{"rendered":"<p>Sizzix dimensionel Cutting Pad By Tim Holtz 6&#8243;x6&#8243;<\/p>\n","protected":false},"featured_media":35421,"template":"","meta":{"_acf_changed":false},"product_brand":[],"product_cat":[231,262,252,408,87],"product_tag":[],"class_list":{"0":"post-35420","1":"product","2":"type-product","3":"status-publish","4":"has-post-thumbnail","6":"product_cat-sizzix-accessoires","7":"product_cat-machine-decoupes","8":"product_cat-herazz-nouveautes","9":"product_cat-sizzix-bigshot-switch-plus","10":"product_cat-sizzix","11":"pa_brand_nc-sizzix","13":"first","14":"instock","15":"taxable","16":"shipping-taxable","17":"purchasable","18":"product-type-simple"},"acf":[],"aioseo_notices":[],"_links":{"self":[{"href":"https:\/\/www.galerie-scrapbooking.com\/en\/wp-json\/wp\/v2\/product\/35420","targetHints":{"allow":["GET"]}}],"collection":[{"href":"https:\/\/www.galerie-scrapbooking.com\/en\/wp-json\/wp\/v2\/product"}],"about":[{"href":"https:\/\/www.galerie-scrapbooking.com\/en\/wp-json\/wp\/v2\/types\/product"}],"wp:featuredmedia":[{"embeddable":true,"href":"https:\/\/www.galerie-scrapbooking.com\/en\/wp-json\/wp\/v2\/media\/35421"}],"wp:attachment":[{"href":"https:\/\/www.galerie-scrapbooking.com\/en\/wp-json\/wp\/v2\/media?parent=35420"}],"wp:term":[{"taxonomy":"product_brand","embeddable":true,"href":"https:\/\/www.galerie-scrapbooking.com\/en\/wp-json\/wp\/v2\/product_brand?post=35420"},{"taxonomy":"product_cat","embeddable":true,"href":"https:\/\/www.galerie-scrapbooking.com\/en\/wp-json\/wp\/v2\/product_cat?post=35420"},{"taxonomy":"product_tag","embeddable":true,"href":"https:\/\/www.galerie-scrapbooking.com\/en\/wp-json\/wp\/v2\/product_tag?post=35420"}],"curies":[{"name":"wp","href":"https:\/\/api.w.org\/{rel}","templated":true}]}}