{"id":35175,"date":"2025-03-13T09:47:32","date_gmt":"2025-03-13T13:47:32","guid":{"rendered":"https:\/\/www.galerie-scrapbooking.com\/?post_type=product&#038;p=35175"},"modified":"2025-04-27T10:34:29","modified_gmt":"2025-04-27T14:34:29","slug":"karen-burniston-dies-bordures-ocean","status":"publish","type":"product","link":"https:\/\/www.galerie-scrapbooking.com\/en\/produit\/karen-burniston-dies-bordures-ocean\/","title":{"rendered":"Karen Burniston Dies Bordures Oc\u00e9an"},"content":{"rendered":"<h1>Karen Burniston Dies Bordures Oc\u00e9an<\/h1>\n<p>Les matrices Karen Burniston donneront une touche suppl\u00e9mentaire \u00e0 tout projet de papier et sont compatibles avec la plupart des machines de d\u00e9coupe.<\/p>\n<p>Ce paquet contient 4 matrices.<\/p>\n","protected":false},"excerpt":{"rendered":"<p>Karen Burniston Dies &#8211; Ocean Edges<\/p>\n","protected":false},"featured_media":35169,"template":"","meta":{"_acf_changed":false},"product_brand":[],"product_cat":[351,252],"product_tag":[],"class_list":{"0":"post-35175","1":"product","2":"type-product","3":"status-publish","4":"has-post-thumbnail","6":"product_cat-karen-burniston-dies-matrices-decoupes","7":"product_cat-herazz-nouveautes","8":"pa_brand_nc-karen-burniston","10":"first","11":"instock","12":"taxable","13":"shipping-taxable","14":"purchasable","15":"product-type-simple"},"acf":[],"aioseo_notices":[],"_links":{"self":[{"href":"https:\/\/www.galerie-scrapbooking.com\/en\/wp-json\/wp\/v2\/product\/35175","targetHints":{"allow":["GET"]}}],"collection":[{"href":"https:\/\/www.galerie-scrapbooking.com\/en\/wp-json\/wp\/v2\/product"}],"about":[{"href":"https:\/\/www.galerie-scrapbooking.com\/en\/wp-json\/wp\/v2\/types\/product"}],"wp:featuredmedia":[{"embeddable":true,"href":"https:\/\/www.galerie-scrapbooking.com\/en\/wp-json\/wp\/v2\/media\/35169"}],"wp:attachment":[{"href":"https:\/\/www.galerie-scrapbooking.com\/en\/wp-json\/wp\/v2\/media?parent=35175"}],"wp:term":[{"taxonomy":"product_brand","embeddable":true,"href":"https:\/\/www.galerie-scrapbooking.com\/en\/wp-json\/wp\/v2\/product_brand?post=35175"},{"taxonomy":"product_cat","embeddable":true,"href":"https:\/\/www.galerie-scrapbooking.com\/en\/wp-json\/wp\/v2\/product_cat?post=35175"},{"taxonomy":"product_tag","embeddable":true,"href":"https:\/\/www.galerie-scrapbooking.com\/en\/wp-json\/wp\/v2\/product_tag?post=35175"}],"curies":[{"name":"wp","href":"https:\/\/api.w.org\/{rel}","templated":true}]}}