{"id":35139,"date":"2025-03-13T09:47:33","date_gmt":"2025-03-13T13:47:33","guid":{"rendered":"https:\/\/www.galerie-scrapbooking.com\/?post_type=product&#038;p=35139"},"modified":"2026-03-01T13:45:21","modified_gmt":"2026-03-01T18:45:21","slug":"aall-and-create-pad-5-8-x-8-3-brillant-et-brise","status":"publish","type":"product","link":"https:\/\/www.galerie-scrapbooking.com\/en\/produit\/aall-and-create-pad-5-8-x-8-3-brillant-et-brise\/","title":{"rendered":"AALL And Create Pad 5.8&#8243; X 8.3&#8243; Brillant et Bris\u00e9"},"content":{"rendered":"<h1>AALL And Create Pad 5.8&#8243; X 8.3&#8243; Brillant et Bris\u00e9<\/h1>\n<p>Lot de 10 feuilles de papier \u00e9pais recto verso (350 g\/m\u00b2).<\/p>\n<p>Motifs et designs uniques pour am\u00e9liorer la cr\u00e9ativit\u00e9 dans toutes sortes de projets de cr\u00e9ation de papier.<\/p>\n<p>Dimensions : 148 x 210 mm. &#8211; 5.8&#8243; x 8.3&#8243;<\/p>\n<p>&nbsp;<\/p>\n","protected":false},"excerpt":{"rendered":"<pre>AALL And Create Design Double-Sided Cardstock A5 10\/Pkg - Bright and Broken<\/pre>\n","protected":false},"featured_media":35140,"template":"","meta":{"_acf_changed":false},"product_brand":[],"product_cat":[411,252],"product_tag":[],"class_list":{"0":"post-35139","1":"product","2":"type-product","3":"status-publish","4":"has-post-thumbnail","6":"product_cat-ensemble-autre","7":"product_cat-herazz-nouveautes","8":"pa_brand_nc-aall-and-create","10":"first","11":"instock","12":"taxable","13":"shipping-taxable","14":"purchasable","15":"product-type-simple"},"acf":[],"aioseo_notices":[],"_links":{"self":[{"href":"https:\/\/www.galerie-scrapbooking.com\/en\/wp-json\/wp\/v2\/product\/35139","targetHints":{"allow":["GET"]}}],"collection":[{"href":"https:\/\/www.galerie-scrapbooking.com\/en\/wp-json\/wp\/v2\/product"}],"about":[{"href":"https:\/\/www.galerie-scrapbooking.com\/en\/wp-json\/wp\/v2\/types\/product"}],"wp:featuredmedia":[{"embeddable":true,"href":"https:\/\/www.galerie-scrapbooking.com\/en\/wp-json\/wp\/v2\/media\/35140"}],"wp:attachment":[{"href":"https:\/\/www.galerie-scrapbooking.com\/en\/wp-json\/wp\/v2\/media?parent=35139"}],"wp:term":[{"taxonomy":"product_brand","embeddable":true,"href":"https:\/\/www.galerie-scrapbooking.com\/en\/wp-json\/wp\/v2\/product_brand?post=35139"},{"taxonomy":"product_cat","embeddable":true,"href":"https:\/\/www.galerie-scrapbooking.com\/en\/wp-json\/wp\/v2\/product_cat?post=35139"},{"taxonomy":"product_tag","embeddable":true,"href":"https:\/\/www.galerie-scrapbooking.com\/en\/wp-json\/wp\/v2\/product_tag?post=35139"}],"curies":[{"name":"wp","href":"https:\/\/api.w.org\/{rel}","templated":true}]}}