{"id":3501,"date":"2015-05-01T01:29:39","date_gmt":"2015-05-01T01:29:39","guid":{"rendered":"https:\/\/commparlimage.ca\/garage\/herazz\/?product=gomme-pour-enlever-ladhesif"},"modified":"2025-10-07T11:48:59","modified_gmt":"2025-10-07T15:48:59","slug":"gomme-pour-enlever-l-adhesif","status":"publish","type":"product","link":"https:\/\/www.galerie-scrapbooking.com\/en\/produit\/gomme-pour-enlever-l-adhesif\/","title":{"rendered":"Gomme pour enlever l&#8217;adh\u00e9sif"},"content":{"rendered":"<h1>Xyron Gomme pour enlever l&#8217;adh\u00e9sif<\/h1>\n<p>Cette petite gomme carr\u00e9e enl\u00e8ve presque tous les r\u00e9sidus de colle sur le papier, plastique, le verre et plus encore.<\/p>\n<p>Carr\u00e9 de 2 x 2 pouces<\/p>\n","protected":false},"excerpt":{"rendered":"<p>Adhesive Eraser<\/p>\n","protected":false},"featured_media":3502,"template":"","meta":{"_acf_changed":false},"product_brand":[],"product_cat":[45],"product_tag":[],"class_list":{"0":"post-3501","1":"product","2":"type-product","3":"status-publish","4":"has-post-thumbnail","6":"product_cat-adhesifs-autres","7":"pa_brand_nc-xyron","9":"first","10":"instock","11":"taxable","12":"shipping-taxable","13":"purchasable","14":"product-type-simple"},"acf":[],"aioseo_notices":[],"_links":{"self":[{"href":"https:\/\/www.galerie-scrapbooking.com\/en\/wp-json\/wp\/v2\/product\/3501","targetHints":{"allow":["GET"]}}],"collection":[{"href":"https:\/\/www.galerie-scrapbooking.com\/en\/wp-json\/wp\/v2\/product"}],"about":[{"href":"https:\/\/www.galerie-scrapbooking.com\/en\/wp-json\/wp\/v2\/types\/product"}],"wp:featuredmedia":[{"embeddable":true,"href":"https:\/\/www.galerie-scrapbooking.com\/en\/wp-json\/wp\/v2\/media\/3502"}],"wp:attachment":[{"href":"https:\/\/www.galerie-scrapbooking.com\/en\/wp-json\/wp\/v2\/media?parent=3501"}],"wp:term":[{"taxonomy":"product_brand","embeddable":true,"href":"https:\/\/www.galerie-scrapbooking.com\/en\/wp-json\/wp\/v2\/product_brand?post=3501"},{"taxonomy":"product_cat","embeddable":true,"href":"https:\/\/www.galerie-scrapbooking.com\/en\/wp-json\/wp\/v2\/product_cat?post=3501"},{"taxonomy":"product_tag","embeddable":true,"href":"https:\/\/www.galerie-scrapbooking.com\/en\/wp-json\/wp\/v2\/product_tag?post=3501"}],"curies":[{"name":"wp","href":"https:\/\/api.w.org\/{rel}","templated":true}]}}