{"id":34988,"date":"2025-02-27T07:59:47","date_gmt":"2025-02-27T12:59:47","guid":{"rendered":"https:\/\/www.galerie-scrapbooking.com\/?post_type=product&#038;p=34988"},"modified":"2026-04-20T15:54:27","modified_gmt":"2026-04-20T19:54:27","slug":"sizzix-big-shot-switch-plus-par-tim-holtz","status":"publish","type":"product","link":"https:\/\/www.galerie-scrapbooking.com\/en\/produit\/sizzix-big-shot-switch-plus-par-tim-holtz\/","title":{"rendered":"Sizzix Big Shot Switch Plus par Tim Holtz"},"content":{"rendered":"<h1>Sizzix Big Shot Switch Plus par Tim Holtz<\/h1>\n<p>Faites progresser vos cr\u00e9ations avec la machine de d\u00e9coupe \u00e9lectrique Big Shot Switch !<\/p>\n<p>Dot\u00e9e d&#8217;une ouverture de 9&#8243; (A4) de large avec un capteur pleine largeur, la machine de d\u00e9coupe Sizzix Big Shot Switch Plus est polyvalente et compatible avec un assortiment des gammes de matrices et de gaufrage Sizzix, y compris les populaires matrices Bigz Steel-Rule. En plus d&#8217;accueillir plusieurs tailles de matrices de coupe Sizzix, y compris les matrices de coupe Big Shot Plus.<\/p>\n<p>Cette machine contemporaine \u00e0 haute brillance avec des accents chrom\u00e9s \u00e9l\u00e9gants dispose d&#8217;un syst\u00e8me simple \u00e0 deux boutons et d&#8217;une fonction d&#8217;alimentation et de marche arri\u00e8re automatique, vous permettant de d\u00e9couper sans effort en appuyant sur un bouton.<\/p>\n<p>Ce paquet de 17,5 x 8 x 9 pouces contient une machine, 2 de plaques de d\u00e9coupe, une plate-forme, un adaptateur, un livret d&#8217;instructions.<\/p>\n<p>Garantie: 3 mois en Boutique pour un usage normal ou d\u00e9faut du manufacturier. La garantie ne couvre pas les plaques et plateforme et ne s&#8217;applique pas pour un usage abusif. Apr\u00e8s 3 mois vous devrez faire respecter la garantie directement par le manufacturier.<\/p>\n<p>Vid\u00e9o de d\u00e9monstration de Tim Holtz:<\/p>\n<p><iframe loading=\"lazy\" title=\"YouTube video player\" src=\"https:\/\/www.youtube.com\/embed\/A22SIEvEEWk?si=h-PFqGPDACVBQdkO\" width=\"560\" height=\"315\" frameborder=\"0\" allowfullscreen=\"allowfullscreen\"><\/iframe><\/p>\n","protected":false},"excerpt":{"rendered":"<p>Sizzix Big Shot Switch Plus Machine Only By Tim Holtz<\/p>\n","protected":false},"featured_media":34989,"template":"","meta":{"_acf_changed":false},"product_brand":[],"product_cat":[262,252,408],"product_tag":[],"class_list":{"0":"post-34988","1":"product","2":"type-product","3":"status-publish","4":"has-post-thumbnail","6":"product_cat-machine-decoupes","7":"product_cat-herazz-nouveautes","8":"product_cat-sizzix-bigshot-switch-plus","9":"pa_brand_nc-sizzix","11":"first","12":"instock","13":"taxable","14":"shipping-taxable","15":"purchasable","16":"product-type-simple"},"acf":[],"aioseo_notices":[],"_links":{"self":[{"href":"https:\/\/www.galerie-scrapbooking.com\/en\/wp-json\/wp\/v2\/product\/34988","targetHints":{"allow":["GET"]}}],"collection":[{"href":"https:\/\/www.galerie-scrapbooking.com\/en\/wp-json\/wp\/v2\/product"}],"about":[{"href":"https:\/\/www.galerie-scrapbooking.com\/en\/wp-json\/wp\/v2\/types\/product"}],"wp:featuredmedia":[{"embeddable":true,"href":"https:\/\/www.galerie-scrapbooking.com\/en\/wp-json\/wp\/v2\/media\/34989"}],"wp:attachment":[{"href":"https:\/\/www.galerie-scrapbooking.com\/en\/wp-json\/wp\/v2\/media?parent=34988"}],"wp:term":[{"taxonomy":"product_brand","embeddable":true,"href":"https:\/\/www.galerie-scrapbooking.com\/en\/wp-json\/wp\/v2\/product_brand?post=34988"},{"taxonomy":"product_cat","embeddable":true,"href":"https:\/\/www.galerie-scrapbooking.com\/en\/wp-json\/wp\/v2\/product_cat?post=34988"},{"taxonomy":"product_tag","embeddable":true,"href":"https:\/\/www.galerie-scrapbooking.com\/en\/wp-json\/wp\/v2\/product_tag?post=34988"}],"curies":[{"name":"wp","href":"https:\/\/api.w.org\/{rel}","templated":true}]}}