{"id":34930,"date":"2025-02-20T10:06:38","date_gmt":"2025-02-20T15:06:38","guid":{"rendered":"https:\/\/www.galerie-scrapbooking.com\/?post_type=product&#038;p=34930"},"modified":"2026-04-21T09:26:40","modified_gmt":"2026-04-21T13:26:40","slug":"lavinia-4-stencils-autocollants-10","status":"publish","type":"product","link":"https:\/\/www.galerie-scrapbooking.com\/en\/produit\/lavinia-4-stencils-autocollants-10\/","title":{"rendered":"Lavinia 4 Stencils Autocollants #10"},"content":{"rendered":"<h1>Lavinia 4 Stencils Autocollants #10<\/h1>\n<p>Les fabuleux nouveaux stencils autocollants comportent 4 motifs d&#8217;une bouteille plus petite. Ils sont parfaits pour les petites cartes.<\/p>\n<p>Compl\u00e9tez le look en ajoutant l&#8217;\u00e9tampe petit bouchon de li\u00e8ge, con\u00e7u pour s&#8217;adapter \u00e0 ces bouteilles.<\/p>\n<p>Vous pouvez d\u00e9sormais cr\u00e9er votre propre monde dans une bouteille, un terrarium f\u00e9erique ou m\u00eame tamponner votre propre message dans une bouteille, \u00e0 vous de choisir !<\/p>\n<p>Les stencils autocollants Lavinia peuvent \u00eatre utilis\u00e9s comme positif et n\u00e9gatif. Repositionnables, r\u00e9utilisables et lavables, ils sont parfaits pour les projets de cartes, de journalisation, de scrapbooking et autres projets cr\u00e9atifs.<\/p>\n","protected":false},"excerpt":{"rendered":"<p>Lavinia Sticker Stencils #10<\/p>\n","protected":false},"featured_media":34904,"template":"","meta":{"_acf_changed":false},"product_brand":[],"product_cat":[379,105,252],"product_tag":[],"class_list":{"0":"post-34930","1":"product","2":"type-product","3":"status-publish","4":"has-post-thumbnail","6":"product_cat-stencil-lavinia","7":"product_cat-masques-scrapbooking","8":"product_cat-herazz-nouveautes","9":"pa_brand_nc-lavinia","11":"first","12":"instock","13":"featured","14":"taxable","15":"shipping-taxable","16":"purchasable","17":"product-type-simple"},"acf":[],"aioseo_notices":[],"_links":{"self":[{"href":"https:\/\/www.galerie-scrapbooking.com\/en\/wp-json\/wp\/v2\/product\/34930","targetHints":{"allow":["GET"]}}],"collection":[{"href":"https:\/\/www.galerie-scrapbooking.com\/en\/wp-json\/wp\/v2\/product"}],"about":[{"href":"https:\/\/www.galerie-scrapbooking.com\/en\/wp-json\/wp\/v2\/types\/product"}],"wp:featuredmedia":[{"embeddable":true,"href":"https:\/\/www.galerie-scrapbooking.com\/en\/wp-json\/wp\/v2\/media\/34904"}],"wp:attachment":[{"href":"https:\/\/www.galerie-scrapbooking.com\/en\/wp-json\/wp\/v2\/media?parent=34930"}],"wp:term":[{"taxonomy":"product_brand","embeddable":true,"href":"https:\/\/www.galerie-scrapbooking.com\/en\/wp-json\/wp\/v2\/product_brand?post=34930"},{"taxonomy":"product_cat","embeddable":true,"href":"https:\/\/www.galerie-scrapbooking.com\/en\/wp-json\/wp\/v2\/product_cat?post=34930"},{"taxonomy":"product_tag","embeddable":true,"href":"https:\/\/www.galerie-scrapbooking.com\/en\/wp-json\/wp\/v2\/product_tag?post=34930"}],"curies":[{"name":"wp","href":"https:\/\/api.w.org\/{rel}","templated":true}]}}