{"id":34929,"date":"2025-02-20T10:06:38","date_gmt":"2025-02-20T15:06:38","guid":{"rendered":"https:\/\/www.galerie-scrapbooking.com\/?post_type=product&#038;p=34929"},"modified":"2026-02-26T16:00:13","modified_gmt":"2026-02-26T21:00:13","slug":"lavinia-etampe-bouchons-de-liege-petit","status":"publish","type":"product","link":"https:\/\/www.galerie-scrapbooking.com\/en\/produit\/lavinia-etampe-bouchons-de-liege-petit\/","title":{"rendered":"Lavinia \u00c9tampe Bouchons de Li\u00e8ge petit"},"content":{"rendered":"<p>Une seule \u00e9tampe repr\u00e9sentant une illustration d\u2019un bouchon. Le bouchon s&#8217;adaptera parfaitement aux bouteilles des jeux de stencils autocollants 10 et 11.<\/p>\n<p>Ajoutez le bouchon \u00e0 votre confection et transformez votre flacon en parfum, en potion ou m\u00eame en message dans un flacon !<\/p>\n<p>Dimension approximative:<\/p>\n<p>1.7 x 2.1 cm<\/p>\n","protected":false},"excerpt":{"rendered":"<p>Lavinia Stamp &#8211; Cork<\/p>\n","protected":false},"featured_media":34902,"template":"","meta":{"_acf_changed":false},"product_brand":[],"product_cat":[342,252,2226],"product_tag":[],"class_list":{"0":"post-34929","1":"product","2":"type-product","3":"status-publish","4":"has-post-thumbnail","6":"product_cat-etampes-lavinia","7":"product_cat-herazz-nouveautes","8":"product_cat-objets","9":"pa_brand_nc-lavinia","11":"first","12":"instock","13":"featured","14":"taxable","15":"shipping-taxable","16":"purchasable","17":"product-type-simple"},"acf":[],"aioseo_notices":[],"_links":{"self":[{"href":"https:\/\/www.galerie-scrapbooking.com\/en\/wp-json\/wp\/v2\/product\/34929","targetHints":{"allow":["GET"]}}],"collection":[{"href":"https:\/\/www.galerie-scrapbooking.com\/en\/wp-json\/wp\/v2\/product"}],"about":[{"href":"https:\/\/www.galerie-scrapbooking.com\/en\/wp-json\/wp\/v2\/types\/product"}],"wp:featuredmedia":[{"embeddable":true,"href":"https:\/\/www.galerie-scrapbooking.com\/en\/wp-json\/wp\/v2\/media\/34902"}],"wp:attachment":[{"href":"https:\/\/www.galerie-scrapbooking.com\/en\/wp-json\/wp\/v2\/media?parent=34929"}],"wp:term":[{"taxonomy":"product_brand","embeddable":true,"href":"https:\/\/www.galerie-scrapbooking.com\/en\/wp-json\/wp\/v2\/product_brand?post=34929"},{"taxonomy":"product_cat","embeddable":true,"href":"https:\/\/www.galerie-scrapbooking.com\/en\/wp-json\/wp\/v2\/product_cat?post=34929"},{"taxonomy":"product_tag","embeddable":true,"href":"https:\/\/www.galerie-scrapbooking.com\/en\/wp-json\/wp\/v2\/product_tag?post=34929"}],"curies":[{"name":"wp","href":"https:\/\/api.w.org\/{rel}","templated":true}]}}