{"id":34926,"date":"2025-02-20T10:06:39","date_gmt":"2025-02-20T15:06:39","guid":{"rendered":"https:\/\/www.galerie-scrapbooking.com\/?post_type=product&#038;p=34926"},"modified":"2025-04-27T10:34:46","modified_gmt":"2025-04-27T14:34:46","slug":"lavinia-etampe-ben-lherbier","status":"publish","type":"product","link":"https:\/\/www.galerie-scrapbooking.com\/en\/produit\/lavinia-etampe-ben-lherbier\/","title":{"rendered":"Lavinia \u00c9tampe Ben l&#8217;herbier"},"content":{"rendered":"<h1>Lavinia \u00c9tampe Ben l&#8217;herbier<\/h1>\n<p>Une \u00e9tampe de silhouette individuelle d&#8217;un petit lutin avec une pelle de jardin.<\/p>\n<p>Ce lutin aux oreilles pointues est un Herbier appel\u00e9 Ben. En tant qu&#8217;Herbier, il est v\u00eatu d&#8217;une tenue d\u00e9cor\u00e9e de vrilles et d&#8217;un long chapeau pointu et boucl\u00e9. Ben l&#8217;Herbier compl\u00e8te sa tenue avec une pelle de jardinage.<\/p>\n<p>Cr\u00e9ez la Gardening Party parfaite en ajoutant les Herbiers Baz et Bob et la racine biologique.<\/p>\n<p>Dimension approximative:<\/p>\n<p>2.6 x 5.1 cm.<\/p>\n","protected":false},"excerpt":{"rendered":"<p>Lavinia Stamp &#8211; Herbalum Ben<\/p>\n","protected":false},"featured_media":34872,"template":"","meta":{"_acf_changed":false},"product_brand":[],"product_cat":[422,342,252],"product_tag":[],"class_list":{"0":"post-34926","1":"product","2":"type-product","3":"status-publish","4":"has-post-thumbnail","6":"product_cat-fees","7":"product_cat-etampes-lavinia","8":"product_cat-herazz-nouveautes","9":"pa_brand_nc-lavinia","11":"first","12":"instock","13":"taxable","14":"shipping-taxable","15":"purchasable","16":"product-type-simple"},"acf":[],"aioseo_notices":[],"_links":{"self":[{"href":"https:\/\/www.galerie-scrapbooking.com\/en\/wp-json\/wp\/v2\/product\/34926","targetHints":{"allow":["GET"]}}],"collection":[{"href":"https:\/\/www.galerie-scrapbooking.com\/en\/wp-json\/wp\/v2\/product"}],"about":[{"href":"https:\/\/www.galerie-scrapbooking.com\/en\/wp-json\/wp\/v2\/types\/product"}],"wp:featuredmedia":[{"embeddable":true,"href":"https:\/\/www.galerie-scrapbooking.com\/en\/wp-json\/wp\/v2\/media\/34872"}],"wp:attachment":[{"href":"https:\/\/www.galerie-scrapbooking.com\/en\/wp-json\/wp\/v2\/media?parent=34926"}],"wp:term":[{"taxonomy":"product_brand","embeddable":true,"href":"https:\/\/www.galerie-scrapbooking.com\/en\/wp-json\/wp\/v2\/product_brand?post=34926"},{"taxonomy":"product_cat","embeddable":true,"href":"https:\/\/www.galerie-scrapbooking.com\/en\/wp-json\/wp\/v2\/product_cat?post=34926"},{"taxonomy":"product_tag","embeddable":true,"href":"https:\/\/www.galerie-scrapbooking.com\/en\/wp-json\/wp\/v2\/product_tag?post=34926"}],"curies":[{"name":"wp","href":"https:\/\/api.w.org\/{rel}","templated":true}]}}