{"id":34924,"date":"2025-02-20T10:06:39","date_gmt":"2025-02-20T15:06:39","guid":{"rendered":"https:\/\/www.galerie-scrapbooking.com\/?post_type=product&#038;p=34924"},"modified":"2025-09-11T14:35:08","modified_gmt":"2025-09-11T18:35:08","slug":"lavinia-etampe-romarin","status":"publish","type":"product","link":"https:\/\/www.galerie-scrapbooking.com\/en\/produit\/lavinia-etampe-romarin\/","title":{"rendered":"Lavinia \u00c9tampe Romarin"},"content":{"rendered":"<h1>Lavinia \u00c9tampe Romarin<\/h1>\n<p>Un ensemble de deux \u00e9tampe de feuillage silhouette de la plante herbac\u00e9e romarin.<\/p>\n<p>Cet ensemble comprend deux branches de feuilles de romarin de diff\u00e9rentes tailles, grandes et petites. Ils mettent en valeur le d\u00e9licat motif de feuilles h\u00e9riss\u00e9es.<\/p>\n<p>Parfait pour cr\u00e9er une couronne ou ajouter une touche d\u00e9licate \u00e0 une bordure d&#8217;herbes ou de fleurs. \u00c0 utiliser avec l&#8217;herbier Ben ou m\u00eame \u00e0 ajouter \u00e0 l&#8217;\u00e9tampe de la brouette.<\/p>\n<p>Dimension approximative:<\/p>\n<p>1.0 cm x 2.5 cm &#8211; 1.6 cm x 4 cm<\/p>\n","protected":false},"excerpt":{"rendered":"<p>Lavinia Stamp &#8211; Rosemary<\/p>\n","protected":false},"featured_media":34882,"template":"","meta":{"_acf_changed":false},"product_brand":[],"product_cat":[423,342,252],"product_tag":[],"class_list":{"0":"post-34924","1":"product","2":"type-product","3":"status-publish","4":"has-post-thumbnail","6":"product_cat-fleurs-feuillage","7":"product_cat-etampes-lavinia","8":"product_cat-herazz-nouveautes","9":"pa_brand_nc-lavinia","11":"first","12":"instock","13":"taxable","14":"shipping-taxable","15":"purchasable","16":"product-type-simple"},"acf":[],"aioseo_notices":[],"_links":{"self":[{"href":"https:\/\/www.galerie-scrapbooking.com\/en\/wp-json\/wp\/v2\/product\/34924","targetHints":{"allow":["GET"]}}],"collection":[{"href":"https:\/\/www.galerie-scrapbooking.com\/en\/wp-json\/wp\/v2\/product"}],"about":[{"href":"https:\/\/www.galerie-scrapbooking.com\/en\/wp-json\/wp\/v2\/types\/product"}],"wp:featuredmedia":[{"embeddable":true,"href":"https:\/\/www.galerie-scrapbooking.com\/en\/wp-json\/wp\/v2\/media\/34882"}],"wp:attachment":[{"href":"https:\/\/www.galerie-scrapbooking.com\/en\/wp-json\/wp\/v2\/media?parent=34924"}],"wp:term":[{"taxonomy":"product_brand","embeddable":true,"href":"https:\/\/www.galerie-scrapbooking.com\/en\/wp-json\/wp\/v2\/product_brand?post=34924"},{"taxonomy":"product_cat","embeddable":true,"href":"https:\/\/www.galerie-scrapbooking.com\/en\/wp-json\/wp\/v2\/product_cat?post=34924"},{"taxonomy":"product_tag","embeddable":true,"href":"https:\/\/www.galerie-scrapbooking.com\/en\/wp-json\/wp\/v2\/product_tag?post=34924"}],"curies":[{"name":"wp","href":"https:\/\/api.w.org\/{rel}","templated":true}]}}