{"id":34921,"date":"2025-02-20T10:06:39","date_gmt":"2025-02-20T15:06:39","guid":{"rendered":"https:\/\/www.galerie-scrapbooking.com\/?post_type=product&#038;p=34921"},"modified":"2025-11-28T18:28:32","modified_gmt":"2025-11-28T23:28:32","slug":"lavinia-etampe-petits-champignons-a-chapeau-pointu","status":"publish","type":"product","link":"https:\/\/www.galerie-scrapbooking.com\/en\/produit\/lavinia-etampe-petits-champignons-a-chapeau-pointu\/","title":{"rendered":"Lavinia \u00c9tampe petits Champignons \u00e0 Chapeau pointu"},"content":{"rendered":"<h1>Lavinia \u00c9tampe petits Champignons \u00e0 Chapeau pointu<\/h1>\n<p>Un ensemble de trois \u00e9tampes individuelles pr\u00e9sentant des illustrations de champignons \u00e0 chapeau pointu. Les ensembles sont disponibles en deux tailles, celle-ci \u00e9tant le petit ensemble.<\/p>\n<p>Ces champignons ont une calotte en forme de chapeau magique que l&#8217;on voit le plus souvent sur une sorci\u00e8re ou un sorcier. Ils ont une fen\u00eatre carr\u00e9e et le haut du chapeau en forme de champignon s&#8217;enroule. Les champignons s\u2019assemblent magnifiquement dans un groupe joyeux.<\/p>\n<p>Ces mini champignons sont des ajouts parfaits \u00e0 n\u2019importe quel jardin magique dans la brouette ou sur une \u00e9tampe de racine biologique.<\/p>\n<p>Dimension approximative:<\/p>\n<p>1.5 cm x 4.2 cm &#8211; 1.2 cm x 3.1 cm &#8211; 1.1 cm x 2.2 cm<\/p>\n","protected":false},"excerpt":{"rendered":"<p>Lavinia Stamp &#8211; Small Shrooms<\/p>\n","protected":false},"featured_media":34890,"template":"","meta":{"_acf_changed":false},"product_brand":[],"product_cat":[423,342,252],"product_tag":[],"class_list":{"0":"post-34921","1":"product","2":"type-product","3":"status-publish","4":"has-post-thumbnail","6":"product_cat-fleurs-feuillage","7":"product_cat-etampes-lavinia","8":"product_cat-herazz-nouveautes","9":"pa_brand_nc-lavinia","11":"first","12":"instock","13":"taxable","14":"shipping-taxable","15":"purchasable","16":"product-type-simple"},"acf":[],"aioseo_notices":[],"_links":{"self":[{"href":"https:\/\/www.galerie-scrapbooking.com\/en\/wp-json\/wp\/v2\/product\/34921","targetHints":{"allow":["GET"]}}],"collection":[{"href":"https:\/\/www.galerie-scrapbooking.com\/en\/wp-json\/wp\/v2\/product"}],"about":[{"href":"https:\/\/www.galerie-scrapbooking.com\/en\/wp-json\/wp\/v2\/types\/product"}],"wp:featuredmedia":[{"embeddable":true,"href":"https:\/\/www.galerie-scrapbooking.com\/en\/wp-json\/wp\/v2\/media\/34890"}],"wp:attachment":[{"href":"https:\/\/www.galerie-scrapbooking.com\/en\/wp-json\/wp\/v2\/media?parent=34921"}],"wp:term":[{"taxonomy":"product_brand","embeddable":true,"href":"https:\/\/www.galerie-scrapbooking.com\/en\/wp-json\/wp\/v2\/product_brand?post=34921"},{"taxonomy":"product_cat","embeddable":true,"href":"https:\/\/www.galerie-scrapbooking.com\/en\/wp-json\/wp\/v2\/product_cat?post=34921"},{"taxonomy":"product_tag","embeddable":true,"href":"https:\/\/www.galerie-scrapbooking.com\/en\/wp-json\/wp\/v2\/product_tag?post=34921"}],"curies":[{"name":"wp","href":"https:\/\/api.w.org\/{rel}","templated":true}]}}