{"id":34920,"date":"2025-02-20T10:06:39","date_gmt":"2025-02-20T15:06:39","guid":{"rendered":"https:\/\/www.galerie-scrapbooking.com\/?post_type=product&#038;p=34920"},"modified":"2025-07-04T07:40:23","modified_gmt":"2025-07-04T11:40:23","slug":"lavinia-etampe-sauge","status":"publish","type":"product","link":"https:\/\/www.galerie-scrapbooking.com\/en\/produit\/lavinia-etampe-sauge\/","title":{"rendered":"Lavinia \u00c9tampe Sauge"},"content":{"rendered":"<h1>Lavinia \u00c9tampe Sauge<\/h1>\n<p>Un ensemble de deux \u00e9tampes de feuillage silhouette de la plante herbac\u00e9e Sauge.<\/p>\n<p>Cet ensemble comprend deux branches de feuilles de sauge de diff\u00e9rentes tailles, grandes et petites. Ils mettent en valeur le d\u00e9licat motif de feuille arrondie avec la fleur de sauge.<\/p>\n<p>Parfait pour cr\u00e9er une couronne ou ajouter une touche d\u00e9licate \u00e0 une bordure herbac\u00e9e ou florale. \u00c0 utiliser l&#8217;herbier Bob ou m\u00eame \u00e0 ajouter \u00e0 l&#8217;\u00e9tampe de la brouette.<\/p>\n<p>Dimension approximative:<\/p>\n<p>1.3 cm x 2.0 cm &#8211; 2.8 cm x 3.2 cm<\/p>\n","protected":false},"excerpt":{"rendered":"<p>Lavinia Stamp &#8211; Sage<\/p>\n","protected":false},"featured_media":34888,"template":"","meta":{"_acf_changed":false},"product_brand":[],"product_cat":[423,342,252],"product_tag":[],"class_list":{"0":"post-34920","1":"product","2":"type-product","3":"status-publish","4":"has-post-thumbnail","6":"product_cat-fleurs-feuillage","7":"product_cat-etampes-lavinia","8":"product_cat-herazz-nouveautes","9":"pa_brand_nc-lavinia","11":"first","12":"instock","13":"taxable","14":"shipping-taxable","15":"purchasable","16":"product-type-simple"},"acf":[],"aioseo_notices":[],"_links":{"self":[{"href":"https:\/\/www.galerie-scrapbooking.com\/en\/wp-json\/wp\/v2\/product\/34920","targetHints":{"allow":["GET"]}}],"collection":[{"href":"https:\/\/www.galerie-scrapbooking.com\/en\/wp-json\/wp\/v2\/product"}],"about":[{"href":"https:\/\/www.galerie-scrapbooking.com\/en\/wp-json\/wp\/v2\/types\/product"}],"wp:featuredmedia":[{"embeddable":true,"href":"https:\/\/www.galerie-scrapbooking.com\/en\/wp-json\/wp\/v2\/media\/34888"}],"wp:attachment":[{"href":"https:\/\/www.galerie-scrapbooking.com\/en\/wp-json\/wp\/v2\/media?parent=34920"}],"wp:term":[{"taxonomy":"product_brand","embeddable":true,"href":"https:\/\/www.galerie-scrapbooking.com\/en\/wp-json\/wp\/v2\/product_brand?post=34920"},{"taxonomy":"product_cat","embeddable":true,"href":"https:\/\/www.galerie-scrapbooking.com\/en\/wp-json\/wp\/v2\/product_cat?post=34920"},{"taxonomy":"product_tag","embeddable":true,"href":"https:\/\/www.galerie-scrapbooking.com\/en\/wp-json\/wp\/v2\/product_tag?post=34920"}],"curies":[{"name":"wp","href":"https:\/\/api.w.org\/{rel}","templated":true}]}}