{"id":34919,"date":"2025-02-20T10:06:39","date_gmt":"2025-02-20T15:06:39","guid":{"rendered":"https:\/\/www.galerie-scrapbooking.com\/?post_type=product&#038;p=34919"},"modified":"2025-04-27T10:34:39","modified_gmt":"2025-04-27T14:34:39","slug":"lavinia-etampe-pots-de-romarin-et-de-thym","status":"publish","type":"product","link":"https:\/\/www.galerie-scrapbooking.com\/en\/produit\/lavinia-etampe-pots-de-romarin-et-de-thym\/","title":{"rendered":"Lavinia \u00c9tampe Pots de Romarin et de Thym"},"content":{"rendered":"<h1>Lavinia \u00c9tampe Pots de Romarin et de Thym<\/h1>\n<p>Un ensemble de deux \u00e9tampes pr\u00e9sentant des illustrations des herbes romarin et thym dans des pots de plantes.<\/p>\n<p>Ces belles illustrations montrent les herbes dans un pot ombrag\u00e9 textur\u00e9. Le thym est une grappe de branches de thym tandis que le romarin est un bel arbuste \u00e9tabli.<\/p>\n<p>Cr\u00e9ez un magnifique jardin d&#8217;herbes aromatiques avec ces tampons, les tampons Pots d&#8217;aneth et de sauge et le Panneau de jardin d\u2019herbes aromatiques..<\/p>\n<p>Dimension approximative:<\/p>\n<p>2.2 cm x 3.9 cm &#8211; 1.6 cm x 4.1 cm<\/p>\n","protected":false},"excerpt":{"rendered":"<p>Lavinia Stamp &#8211; Rosemary &amp; Thyme Pots Stamp<\/p>\n","protected":false},"featured_media":34884,"template":"","meta":{"_acf_changed":false},"product_brand":[],"product_cat":[423,342,252],"product_tag":[],"class_list":{"0":"post-34919","1":"product","2":"type-product","3":"status-publish","4":"has-post-thumbnail","6":"product_cat-fleurs-feuillage","7":"product_cat-etampes-lavinia","8":"product_cat-herazz-nouveautes","9":"pa_brand_nc-lavinia","11":"first","12":"instock","13":"taxable","14":"shipping-taxable","15":"purchasable","16":"product-type-simple"},"acf":[],"aioseo_notices":[],"_links":{"self":[{"href":"https:\/\/www.galerie-scrapbooking.com\/en\/wp-json\/wp\/v2\/product\/34919","targetHints":{"allow":["GET"]}}],"collection":[{"href":"https:\/\/www.galerie-scrapbooking.com\/en\/wp-json\/wp\/v2\/product"}],"about":[{"href":"https:\/\/www.galerie-scrapbooking.com\/en\/wp-json\/wp\/v2\/types\/product"}],"wp:featuredmedia":[{"embeddable":true,"href":"https:\/\/www.galerie-scrapbooking.com\/en\/wp-json\/wp\/v2\/media\/34884"}],"wp:attachment":[{"href":"https:\/\/www.galerie-scrapbooking.com\/en\/wp-json\/wp\/v2\/media?parent=34919"}],"wp:term":[{"taxonomy":"product_brand","embeddable":true,"href":"https:\/\/www.galerie-scrapbooking.com\/en\/wp-json\/wp\/v2\/product_brand?post=34919"},{"taxonomy":"product_cat","embeddable":true,"href":"https:\/\/www.galerie-scrapbooking.com\/en\/wp-json\/wp\/v2\/product_cat?post=34919"},{"taxonomy":"product_tag","embeddable":true,"href":"https:\/\/www.galerie-scrapbooking.com\/en\/wp-json\/wp\/v2\/product_tag?post=34919"}],"curies":[{"name":"wp","href":"https:\/\/api.w.org\/{rel}","templated":true}]}}