{"id":34918,"date":"2025-02-20T10:06:39","date_gmt":"2025-02-20T15:06:39","guid":{"rendered":"https:\/\/www.galerie-scrapbooking.com\/?post_type=product&#038;p=34918"},"modified":"2025-04-27T10:34:38","modified_gmt":"2025-04-27T14:34:38","slug":"lavinia-etampe-groupe-de-champignons","status":"publish","type":"product","link":"https:\/\/www.galerie-scrapbooking.com\/en\/produit\/lavinia-etampe-groupe-de-champignons\/","title":{"rendered":"Lavinia \u00c9tampe Groupe de Champignons"},"content":{"rendered":"<h1>Lavinia \u00c9tampe Groupe de Champignons<\/h1>\n<p>Une seule \u00e9tampe d&#8217;un groupe de champignons dans le sol.<\/p>\n<p>Cette \u00e9tampe-silhouette repr\u00e9sente neuf champignons de diff\u00e9rentes hauteurs poussant \u00e0 l\u2019int\u00e9rieur d\u2019une touffe d\u2019herbe. C\u2019est l&#8217;\u00e9tampe parfaite pour ajouter du sous-bois dans une sc\u00e8ne ext\u00e9rieure.<\/p>\n<p>Cr\u00e9ez une magnifique sc\u00e8ne de jardin en utilisant la racine biologique, la sauge, l&#8217;aneth, le romarin et le thym.<\/p>\n<p>Dimension approximative:<\/p>\n<p>2.0 cm x 3.2 cm<\/p>\n","protected":false},"excerpt":{"rendered":"<p>Lavinia Stamp &#8211; Mushies<\/p>\n","protected":false},"featured_media":34878,"template":"","meta":{"_acf_changed":false},"product_brand":[],"product_cat":[423,342,252],"product_tag":[],"class_list":{"0":"post-34918","1":"product","2":"type-product","3":"status-publish","4":"has-post-thumbnail","6":"product_cat-fleurs-feuillage","7":"product_cat-etampes-lavinia","8":"product_cat-herazz-nouveautes","9":"pa_brand_nc-lavinia","11":"first","12":"instock","13":"taxable","14":"shipping-taxable","15":"purchasable","16":"product-type-simple"},"acf":[],"aioseo_notices":[],"_links":{"self":[{"href":"https:\/\/www.galerie-scrapbooking.com\/en\/wp-json\/wp\/v2\/product\/34918","targetHints":{"allow":["GET"]}}],"collection":[{"href":"https:\/\/www.galerie-scrapbooking.com\/en\/wp-json\/wp\/v2\/product"}],"about":[{"href":"https:\/\/www.galerie-scrapbooking.com\/en\/wp-json\/wp\/v2\/types\/product"}],"wp:featuredmedia":[{"embeddable":true,"href":"https:\/\/www.galerie-scrapbooking.com\/en\/wp-json\/wp\/v2\/media\/34878"}],"wp:attachment":[{"href":"https:\/\/www.galerie-scrapbooking.com\/en\/wp-json\/wp\/v2\/media?parent=34918"}],"wp:term":[{"taxonomy":"product_brand","embeddable":true,"href":"https:\/\/www.galerie-scrapbooking.com\/en\/wp-json\/wp\/v2\/product_brand?post=34918"},{"taxonomy":"product_cat","embeddable":true,"href":"https:\/\/www.galerie-scrapbooking.com\/en\/wp-json\/wp\/v2\/product_cat?post=34918"},{"taxonomy":"product_tag","embeddable":true,"href":"https:\/\/www.galerie-scrapbooking.com\/en\/wp-json\/wp\/v2\/product_tag?post=34918"}],"curies":[{"name":"wp","href":"https:\/\/api.w.org\/{rel}","templated":true}]}}