{"id":34917,"date":"2025-02-20T10:06:40","date_gmt":"2025-02-20T15:06:40","guid":{"rendered":"https:\/\/www.galerie-scrapbooking.com\/?post_type=product&#038;p=34917"},"modified":"2025-09-11T14:35:06","modified_gmt":"2025-09-11T18:35:06","slug":"lavinia-etampe-pots-daneth-de-sauge","status":"publish","type":"product","link":"https:\/\/www.galerie-scrapbooking.com\/en\/produit\/lavinia-etampe-pots-daneth-de-sauge\/","title":{"rendered":"Lavinia \u00c9tampe Pots d&#8217;Aneth &#038; de Sauge"},"content":{"rendered":"<h1>Lavinia \u00c9tampe Pots d&#8217;Aneth &amp; de Sauge<\/h1>\n<p>Un ensemble de deux \u00e9tampes pr\u00e9sentant des illustrations des herbes Sauge et Aneth dans des pots de plantes.<\/p>\n<p>Ces belles illustrations pr\u00e9sentent les herbes dans un pot ombrag\u00e9 textur\u00e9. L&#8217;aneth est parfaitement d\u00e9licat et la sauge est un joli brin compl\u00e9t\u00e9 par une fleur de sauge.<\/p>\n<p>Cr\u00e9ez un magnifique jardin d&#8217;herbes aromatiques avec ces \u00e9tampes, les \u00e9tampes Pots de romarin et de thym et le panneau Jardin d&#8217;herbes aromatiques.<\/p>\n<p>Dimension approximative:<\/p>\n<p>2.3 cm x 4.0 cm &#8211; 2.5 cm x 4.0 cm<\/p>\n","protected":false},"excerpt":{"rendered":"<p>Lavinia Stamp &#8211; Dill &amp; Sage Pots Stamp<\/p>\n","protected":false},"featured_media":34864,"template":"","meta":{"_acf_changed":false},"product_brand":[],"product_cat":[423,342,252],"product_tag":[],"class_list":{"0":"post-34917","1":"product","2":"type-product","3":"status-publish","4":"has-post-thumbnail","6":"product_cat-fleurs-feuillage","7":"product_cat-etampes-lavinia","8":"product_cat-herazz-nouveautes","9":"pa_brand_nc-lavinia","11":"first","12":"instock","13":"taxable","14":"shipping-taxable","15":"purchasable","16":"product-type-simple"},"acf":[],"aioseo_notices":[],"_links":{"self":[{"href":"https:\/\/www.galerie-scrapbooking.com\/en\/wp-json\/wp\/v2\/product\/34917","targetHints":{"allow":["GET"]}}],"collection":[{"href":"https:\/\/www.galerie-scrapbooking.com\/en\/wp-json\/wp\/v2\/product"}],"about":[{"href":"https:\/\/www.galerie-scrapbooking.com\/en\/wp-json\/wp\/v2\/types\/product"}],"wp:featuredmedia":[{"embeddable":true,"href":"https:\/\/www.galerie-scrapbooking.com\/en\/wp-json\/wp\/v2\/media\/34864"}],"wp:attachment":[{"href":"https:\/\/www.galerie-scrapbooking.com\/en\/wp-json\/wp\/v2\/media?parent=34917"}],"wp:term":[{"taxonomy":"product_brand","embeddable":true,"href":"https:\/\/www.galerie-scrapbooking.com\/en\/wp-json\/wp\/v2\/product_brand?post=34917"},{"taxonomy":"product_cat","embeddable":true,"href":"https:\/\/www.galerie-scrapbooking.com\/en\/wp-json\/wp\/v2\/product_cat?post=34917"},{"taxonomy":"product_tag","embeddable":true,"href":"https:\/\/www.galerie-scrapbooking.com\/en\/wp-json\/wp\/v2\/product_tag?post=34917"}],"curies":[{"name":"wp","href":"https:\/\/api.w.org\/{rel}","templated":true}]}}