{"id":34843,"date":"2025-02-06T09:58:40","date_gmt":"2025-02-06T14:58:40","guid":{"rendered":"https:\/\/www.galerie-scrapbooking.com\/?post_type=product&#038;p=34843"},"modified":"2025-12-23T12:32:56","modified_gmt":"2025-12-23T17:32:56","slug":"bazzill-mono-canvas-raven-noir","status":"publish","type":"product","link":"https:\/\/www.galerie-scrapbooking.com\/en\/produit\/bazzill-mono-canvas-raven-noir\/","title":{"rendered":"Bazzill mono Canvas\/Raven (noir)"},"content":{"rendered":"<h1>Bazzill mono Canvas\/Raven (noir)<\/h1>\n<p>Le poids et la texture du papier cartonn\u00e9 Bazzill Mono sont suffisamment polyvalents pour \u00eatre utilis\u00e9s pour la fabrication de cartes, le scrapbooking, la d\u00e9coration int\u00e9rieure, la d\u00e9coupe et plus encore.<\/p>\n<p>Noyau solide, sans acide ni lignine.<\/p>\n<p>Feuille de papier de 12 x 12 pouces &#8211; 80 lb<\/p>\n","protected":false},"excerpt":{"rendered":"<p>Bazzill Mono Cardstock 12&#8243;X12&#8243; &#8211; Raven\/Canvas<\/p>\n","protected":false},"featured_media":34828,"template":"","meta":{"_acf_changed":false},"product_brand":[],"product_cat":[135,252],"product_tag":[],"class_list":{"0":"post-34843","1":"product","2":"type-product","3":"status-publish","4":"has-post-thumbnail","6":"product_cat-papier-bazzill","7":"product_cat-herazz-nouveautes","8":"pa_brand_nc-bazzill-basics","10":"first","11":"instock","12":"taxable","13":"shipping-taxable","14":"purchasable","15":"product-type-simple"},"acf":[],"aioseo_notices":[],"_links":{"self":[{"href":"https:\/\/www.galerie-scrapbooking.com\/en\/wp-json\/wp\/v2\/product\/34843","targetHints":{"allow":["GET"]}}],"collection":[{"href":"https:\/\/www.galerie-scrapbooking.com\/en\/wp-json\/wp\/v2\/product"}],"about":[{"href":"https:\/\/www.galerie-scrapbooking.com\/en\/wp-json\/wp\/v2\/types\/product"}],"wp:featuredmedia":[{"embeddable":true,"href":"https:\/\/www.galerie-scrapbooking.com\/en\/wp-json\/wp\/v2\/media\/34828"}],"wp:attachment":[{"href":"https:\/\/www.galerie-scrapbooking.com\/en\/wp-json\/wp\/v2\/media?parent=34843"}],"wp:term":[{"taxonomy":"product_brand","embeddable":true,"href":"https:\/\/www.galerie-scrapbooking.com\/en\/wp-json\/wp\/v2\/product_brand?post=34843"},{"taxonomy":"product_cat","embeddable":true,"href":"https:\/\/www.galerie-scrapbooking.com\/en\/wp-json\/wp\/v2\/product_cat?post=34843"},{"taxonomy":"product_tag","embeddable":true,"href":"https:\/\/www.galerie-scrapbooking.com\/en\/wp-json\/wp\/v2\/product_tag?post=34843"}],"curies":[{"name":"wp","href":"https:\/\/api.w.org\/{rel}","templated":true}]}}