{"id":34842,"date":"2025-02-06T09:58:40","date_gmt":"2025-02-06T14:58:40","guid":{"rendered":"https:\/\/www.galerie-scrapbooking.com\/?post_type=product&#038;p=34842"},"modified":"2025-03-22T10:05:23","modified_gmt":"2025-03-22T14:05:23","slug":"buttons-galore-pieces-pour-skaker-briseur-de-coeur","status":"publish","type":"product","link":"https:\/\/www.galerie-scrapbooking.com\/en\/produit\/buttons-galore-pieces-pour-skaker-briseur-de-coeur\/","title":{"rendered":"Buttons Galore pi\u00e8ces pour Skaker Briseur de Coeur"},"content":{"rendered":"<h1>Buttons Galore pi\u00e8ces pour Skaker Briseur de Coeur<\/h1>\n<p>Ces m\u00e9langes amusants comprendront une combinaison de pi\u00e8ces d&#8217;argile polym\u00e8re Sprinkletz, d&#8217;embellissements ronds en acrylique Popz, de pierres pr\u00e9cieuses noires plates iris\u00e9es Crystals, de paillettes de confettis en forme de plastique PVC iris\u00e9 brillant et d&#8217;autres embellissements compl\u00e9mentaires.<\/p>\n<p>Ce paquet contient 10 grammes d&#8217;embellissements artisanaux Mix Upz<\/p>\n","protected":false},"excerpt":{"rendered":"<p>Buttons Galore Mix Upz Craft Embellishments 10g &#8211; Heartbreaker<\/p>\n","protected":false},"featured_media":34830,"template":"","meta":{"_acf_changed":false},"product_brand":[],"product_cat":[252,380],"product_tag":[],"class_list":{"0":"post-34842","1":"product","2":"type-product","3":"status-publish","4":"has-post-thumbnail","6":"product_cat-herazz-nouveautes","7":"product_cat-shaker-box","8":"pa_brand_nc-buttons-galore","10":"first","11":"instock","12":"taxable","13":"shipping-taxable","14":"purchasable","15":"product-type-simple"},"acf":[],"aioseo_notices":[],"_links":{"self":[{"href":"https:\/\/www.galerie-scrapbooking.com\/en\/wp-json\/wp\/v2\/product\/34842","targetHints":{"allow":["GET"]}}],"collection":[{"href":"https:\/\/www.galerie-scrapbooking.com\/en\/wp-json\/wp\/v2\/product"}],"about":[{"href":"https:\/\/www.galerie-scrapbooking.com\/en\/wp-json\/wp\/v2\/types\/product"}],"wp:featuredmedia":[{"embeddable":true,"href":"https:\/\/www.galerie-scrapbooking.com\/en\/wp-json\/wp\/v2\/media\/34830"}],"wp:attachment":[{"href":"https:\/\/www.galerie-scrapbooking.com\/en\/wp-json\/wp\/v2\/media?parent=34842"}],"wp:term":[{"taxonomy":"product_brand","embeddable":true,"href":"https:\/\/www.galerie-scrapbooking.com\/en\/wp-json\/wp\/v2\/product_brand?post=34842"},{"taxonomy":"product_cat","embeddable":true,"href":"https:\/\/www.galerie-scrapbooking.com\/en\/wp-json\/wp\/v2\/product_cat?post=34842"},{"taxonomy":"product_tag","embeddable":true,"href":"https:\/\/www.galerie-scrapbooking.com\/en\/wp-json\/wp\/v2\/product_tag?post=34842"}],"curies":[{"name":"wp","href":"https:\/\/api.w.org\/{rel}","templated":true}]}}