{"id":34794,"date":"2025-01-23T11:16:41","date_gmt":"2025-01-23T16:16:41","guid":{"rendered":"https:\/\/www.galerie-scrapbooking.com\/?post_type=product&#038;p=34794"},"modified":"2025-03-22T10:05:30","modified_gmt":"2025-03-22T14:05:30","slug":"karen-burniston-dies-feux-dartifice","status":"publish","type":"product","link":"https:\/\/www.galerie-scrapbooking.com\/en\/produit\/karen-burniston-dies-feux-dartifice\/","title":{"rendered":"Karen Burniston Dies Feux d&#8217;Artifice"},"content":{"rendered":"<h1>Karen Burniston Matrices de d\u00e9coupes Feux d&#8217;Artifice<\/h1>\n<p>Cet ensemble de matrices de feux d&#8217;artifice Karen Burniston comprend 5 matrices qui permettent de cr\u00e9er un feu d&#8217;artifice dynamique de diff\u00e9rentes tailles. En plus des feux d&#8217;artifice, l&#8217;ensemble comprend une matrice qui d\u00e9coupe 6 morceaux de confettis en forme d&#8217;\u00e9toile de tailles diff\u00e9rentes, parfaits pour ajouter une touche festive suppl\u00e9mentaire \u00e0 vos projets. Id\u00e9al pour les cartes de f\u00eate ou autres occasions, les invitations de f\u00eate ou les pages de scrapbooking. Ces matrices m\u00e9talliques tr\u00e8s fines sont compatibles avec la plupart des principales machines de d\u00e9coupe, (Platinum 6.0, Platinum, les Bigshot, Cuttlebug, etc.) offrant pr\u00e9cision et facilit\u00e9 d&#8217;utilisation.<\/p>\n<p>Les matrices Karen Burniston donneront une touche suppl\u00e9mentaire \u00e0 tout projet de papier et sont compatibles avec la plupart des machines de d\u00e9coupe.<\/p>\n<p>Vid\u00e9o de d\u00e9monstration:<\/p>\n<p><iframe loading=\"lazy\" title=\"YouTube video player\" src=\"https:\/\/www.youtube.com\/embed\/Vc8THTz_GmE?si=diXugpX8jj3z2qCA\" width=\"560\" height=\"315\" frameborder=\"0\" allowfullscreen=\"allowfullscreen\"><\/iframe><\/p>\n","protected":false},"excerpt":{"rendered":"<p>Karen Burniston Dies &#8211; Fireworks<\/p>\n","protected":false},"featured_media":34782,"template":"","meta":{"_acf_changed":false},"product_brand":[],"product_cat":[351,252],"product_tag":[],"class_list":{"0":"post-34794","1":"product","2":"type-product","3":"status-publish","4":"has-post-thumbnail","6":"product_cat-karen-burniston-dies-matrices-decoupes","7":"product_cat-herazz-nouveautes","8":"pa_brand_nc-karen-burniston","10":"first","11":"instock","12":"taxable","13":"shipping-taxable","14":"purchasable","15":"product-type-simple"},"acf":[],"aioseo_notices":[],"_links":{"self":[{"href":"https:\/\/www.galerie-scrapbooking.com\/en\/wp-json\/wp\/v2\/product\/34794","targetHints":{"allow":["GET"]}}],"collection":[{"href":"https:\/\/www.galerie-scrapbooking.com\/en\/wp-json\/wp\/v2\/product"}],"about":[{"href":"https:\/\/www.galerie-scrapbooking.com\/en\/wp-json\/wp\/v2\/types\/product"}],"wp:featuredmedia":[{"embeddable":true,"href":"https:\/\/www.galerie-scrapbooking.com\/en\/wp-json\/wp\/v2\/media\/34782"}],"wp:attachment":[{"href":"https:\/\/www.galerie-scrapbooking.com\/en\/wp-json\/wp\/v2\/media?parent=34794"}],"wp:term":[{"taxonomy":"product_brand","embeddable":true,"href":"https:\/\/www.galerie-scrapbooking.com\/en\/wp-json\/wp\/v2\/product_brand?post=34794"},{"taxonomy":"product_cat","embeddable":true,"href":"https:\/\/www.galerie-scrapbooking.com\/en\/wp-json\/wp\/v2\/product_cat?post=34794"},{"taxonomy":"product_tag","embeddable":true,"href":"https:\/\/www.galerie-scrapbooking.com\/en\/wp-json\/wp\/v2\/product_tag?post=34794"}],"curies":[{"name":"wp","href":"https:\/\/api.w.org\/{rel}","templated":true}]}}