{"id":34793,"date":"2025-01-23T11:16:41","date_gmt":"2025-01-23T16:16:41","guid":{"rendered":"https:\/\/www.galerie-scrapbooking.com\/?post_type=product&#038;p=34793"},"modified":"2025-07-21T13:42:22","modified_gmt":"2025-07-21T17:42:22","slug":"poincon-spellbinders-3-en-1-coins","status":"publish","type":"product","link":"https:\/\/www.galerie-scrapbooking.com\/en\/produit\/poincon-spellbinders-3-en-1-coins\/","title":{"rendered":"Poin\u00e7on Spellbinders 3 en 1 Coins"},"content":{"rendered":"<h1>Spellbinders \u00a0Poin\u00e7on 3 en 1 Coins<\/h1>\n<p>La perforatrice d&#8217;angle 3 en 1 permet de cr\u00e9er trois tailles diff\u00e9rentes de coins : 0,25 po\/6,35 mm, 0,50 po\/12,7 mm et 0,75 po\/19,0 mm.<\/p>\n<p>Les guides faciles \u00e0 utiliser rendent le placement pr\u00e9cis du papier infaillible.<\/p>\n<p>Il est id\u00e9al pour la fabrication de cartes, le scrapbooking, l&#8217;emballage de cadeaux et plus encore ! Attention : ne convient pas aux enfants de moins de 3 ans en raison de petites pi\u00e8ces et de bords tranchants qui pourraient pr\u00e9senter un risque d&#8217;\u00e9touffement ou de danger.<\/p>\n<p>Taille approximative : 2,4375 x 3,00 x 1,375 po. &#8211; 6,19 x 7,62 x 3,49 cm<\/p>\n","protected":false},"excerpt":{"rendered":"<p>EK Success Medium Punch Circle 3\/4&#8243;<\/p>\n","protected":false},"featured_media":34790,"template":"","meta":{"_acf_changed":false},"product_brand":[],"product_cat":[133,252],"product_tag":[],"class_list":{"0":"post-34793","1":"product","2":"type-product","3":"status-publish","4":"has-post-thumbnail","6":"product_cat-perforatrices-scrapbooking-autres","7":"product_cat-herazz-nouveautes","8":"pa_brand_nc-spellbinders","10":"first","11":"instock","12":"taxable","13":"shipping-taxable","14":"purchasable","15":"product-type-simple"},"acf":[],"aioseo_notices":[],"_links":{"self":[{"href":"https:\/\/www.galerie-scrapbooking.com\/en\/wp-json\/wp\/v2\/product\/34793","targetHints":{"allow":["GET"]}}],"collection":[{"href":"https:\/\/www.galerie-scrapbooking.com\/en\/wp-json\/wp\/v2\/product"}],"about":[{"href":"https:\/\/www.galerie-scrapbooking.com\/en\/wp-json\/wp\/v2\/types\/product"}],"wp:featuredmedia":[{"embeddable":true,"href":"https:\/\/www.galerie-scrapbooking.com\/en\/wp-json\/wp\/v2\/media\/34790"}],"wp:attachment":[{"href":"https:\/\/www.galerie-scrapbooking.com\/en\/wp-json\/wp\/v2\/media?parent=34793"}],"wp:term":[{"taxonomy":"product_brand","embeddable":true,"href":"https:\/\/www.galerie-scrapbooking.com\/en\/wp-json\/wp\/v2\/product_brand?post=34793"},{"taxonomy":"product_cat","embeddable":true,"href":"https:\/\/www.galerie-scrapbooking.com\/en\/wp-json\/wp\/v2\/product_cat?post=34793"},{"taxonomy":"product_tag","embeddable":true,"href":"https:\/\/www.galerie-scrapbooking.com\/en\/wp-json\/wp\/v2\/product_tag?post=34793"}],"curies":[{"name":"wp","href":"https:\/\/api.w.org\/{rel}","templated":true}]}}