{"id":34792,"date":"2025-01-23T11:16:41","date_gmt":"2025-01-23T16:16:41","guid":{"rendered":"https:\/\/www.galerie-scrapbooking.com\/?post_type=product&#038;p=34792"},"modified":"2026-04-21T09:26:40","modified_gmt":"2026-04-21T13:26:40","slug":"tim-holtz-distress-brayer-2-25","status":"publish","type":"product","link":"https:\/\/www.galerie-scrapbooking.com\/en\/produit\/tim-holtz-distress-brayer-2-25\/","title":{"rendered":"Tim Holtz Distress Brayer 2.25&#8243;"},"content":{"rendered":"<h1>Tim Holtz Distress Brayer 2.25&#8243;<\/h1>\n<p>Le Tim Holtz Distress Brayer de 2,25 pouces est id\u00e9al pour diverses techniques d&#8217;encre, de peinture et de texture !<\/p>\n<p>Utilisez-le pour appliquer des encres, des peintures et des m\u00e9diums sur des tampons, des papiers et des surfaces mixtes.<\/p>\n<p>Le rouleau en caoutchouc flexible et souple est con\u00e7u pour offrir un meilleur contact sur les surfaces textur\u00e9es. \u00c0 utiliser avec les encres de d\u00e9tresse, les oxydes, les r\u00e9encreurs, les peintures Tim Holtz et plus encore.<\/p>\n<p>Con\u00e7u avec un support sur pieds pour r\u00e9duire les bosses des rouleaux et aider \u00e0 garder la surface de travail propre.<\/p>\n","protected":false},"excerpt":{"rendered":"<p>Tim Holtz small Distress Brayer 2.25&#8243;<\/p>\n","protected":false},"featured_media":34778,"template":"","meta":{"_acf_changed":false},"product_brand":[],"product_cat":[123,115,252],"product_tag":[],"class_list":{"0":"post-34792","1":"product","2":"type-product","3":"status-publish","4":"has-post-thumbnail","6":"product_cat-etampe-scrapbooking-accessoires","7":"product_cat-encres-accessoires","8":"product_cat-herazz-nouveautes","9":"pa_brand_nc-tim-holtz","11":"first","12":"instock","13":"taxable","14":"shipping-taxable","15":"purchasable","16":"product-type-simple"},"acf":[],"aioseo_notices":[],"_links":{"self":[{"href":"https:\/\/www.galerie-scrapbooking.com\/en\/wp-json\/wp\/v2\/product\/34792","targetHints":{"allow":["GET"]}}],"collection":[{"href":"https:\/\/www.galerie-scrapbooking.com\/en\/wp-json\/wp\/v2\/product"}],"about":[{"href":"https:\/\/www.galerie-scrapbooking.com\/en\/wp-json\/wp\/v2\/types\/product"}],"wp:featuredmedia":[{"embeddable":true,"href":"https:\/\/www.galerie-scrapbooking.com\/en\/wp-json\/wp\/v2\/media\/34778"}],"wp:attachment":[{"href":"https:\/\/www.galerie-scrapbooking.com\/en\/wp-json\/wp\/v2\/media?parent=34792"}],"wp:term":[{"taxonomy":"product_brand","embeddable":true,"href":"https:\/\/www.galerie-scrapbooking.com\/en\/wp-json\/wp\/v2\/product_brand?post=34792"},{"taxonomy":"product_cat","embeddable":true,"href":"https:\/\/www.galerie-scrapbooking.com\/en\/wp-json\/wp\/v2\/product_cat?post=34792"},{"taxonomy":"product_tag","embeddable":true,"href":"https:\/\/www.galerie-scrapbooking.com\/en\/wp-json\/wp\/v2\/product_tag?post=34792"}],"curies":[{"name":"wp","href":"https:\/\/api.w.org\/{rel}","templated":true}]}}