{"id":3469,"date":"2015-04-02T17:24:54","date_gmt":"2015-04-02T17:24:54","guid":{"rendered":"https:\/\/commparlimage.ca\/garage\/herazz\/?product=papillons-marguerites-bg"},"modified":"2024-03-09T12:57:37","modified_gmt":"2024-03-09T17:57:37","slug":"papillons-marguerites-bg","status":"publish","type":"product","link":"https:\/\/www.galerie-scrapbooking.com\/en\/produit\/papillons-marguerites-bg\/","title":{"rendered":"Papillons &#038; marguerites BG"},"content":{"rendered":"<p>Bouttons Galore boutons \u00e0 th\u00e8me, pour d\u00e9corer vos cartes ou pages estivales<\/p>\n<p>6 Boutons par paquet<\/p>\n","protected":false},"excerpt":{"rendered":"<p>Buttons Galore embelissements<\/p>\n","protected":false},"featured_media":3470,"template":"","meta":{"_acf_changed":false},"product_brand":[],"product_cat":[90,210],"product_tag":[],"class_list":{"0":"post-3469","1":"product","2":"type-product","3":"status-publish","4":"has-post-thumbnail","6":"product_cat-boutons-scrapbooking","7":"product_cat-buttons-galore-theme","8":"pa_brand_nc-buttons-galore","10":"first","11":"instock","12":"taxable","13":"shipping-taxable","14":"purchasable","15":"product-type-simple"},"acf":[],"aioseo_notices":[],"_links":{"self":[{"href":"https:\/\/www.galerie-scrapbooking.com\/en\/wp-json\/wp\/v2\/product\/3469","targetHints":{"allow":["GET"]}}],"collection":[{"href":"https:\/\/www.galerie-scrapbooking.com\/en\/wp-json\/wp\/v2\/product"}],"about":[{"href":"https:\/\/www.galerie-scrapbooking.com\/en\/wp-json\/wp\/v2\/types\/product"}],"wp:featuredmedia":[{"embeddable":true,"href":"https:\/\/www.galerie-scrapbooking.com\/en\/wp-json\/wp\/v2\/media\/3470"}],"wp:attachment":[{"href":"https:\/\/www.galerie-scrapbooking.com\/en\/wp-json\/wp\/v2\/media?parent=3469"}],"wp:term":[{"taxonomy":"product_brand","embeddable":true,"href":"https:\/\/www.galerie-scrapbooking.com\/en\/wp-json\/wp\/v2\/product_brand?post=3469"},{"taxonomy":"product_cat","embeddable":true,"href":"https:\/\/www.galerie-scrapbooking.com\/en\/wp-json\/wp\/v2\/product_cat?post=3469"},{"taxonomy":"product_tag","embeddable":true,"href":"https:\/\/www.galerie-scrapbooking.com\/en\/wp-json\/wp\/v2\/product_tag?post=3469"}],"curies":[{"name":"wp","href":"https:\/\/api.w.org\/{rel}","templated":true}]}}