{"id":34659,"date":"2025-01-16T09:42:11","date_gmt":"2025-01-16T14:42:11","guid":{"rendered":"https:\/\/www.galerie-scrapbooking.com\/?post_type=product&#038;p=34659"},"modified":"2025-09-11T11:16:50","modified_gmt":"2025-09-11T15:16:50","slug":"lavinia-autocollants-champignons-2","status":"publish","type":"product","link":"https:\/\/www.galerie-scrapbooking.com\/en\/produit\/lavinia-autocollants-champignons-2\/","title":{"rendered":"Lavinia Autocollants Champignons 2"},"content":{"rendered":"<h1>Lavinia Autocollants Champignons<\/h1>\n<p>Le humble champignon, souvent appel\u00e9 \u00ab maisons de f\u00e9es \u00bb, est au centre de ces autocollants photo \u00e0 fond transparent.<\/p>\n<p>Ils compl\u00e8tent parfaitement toute cr\u00e9ation, ajoutant une touche de r\u00e9alisme au monde magique de Lavinia.<\/p>\n<p>Les autocollants Champignons 2 comprennent des champignons et des champignons oranges, bruns et noirs et blancs et bien plus encore parmi lesquels choisir ! Le choix vous appartient !<\/p>\n<p>Format des pages : 15 x 21 cm<\/p>\n<p>&nbsp;<\/p>\n","protected":false},"excerpt":{"rendered":"<p>Lavinia Mushroom Stickers 2<\/p>\n","protected":false},"featured_media":34635,"template":"","meta":{"_acf_changed":false},"product_brand":[],"product_cat":[2179,252],"product_tag":[],"class_list":{"0":"post-34659","1":"product","2":"type-product","3":"status-publish","4":"has-post-thumbnail","6":"product_cat-lavinia-autocollants","7":"product_cat-herazz-nouveautes","8":"pa_brand_nc-lavinia","10":"first","11":"instock","12":"taxable","13":"shipping-taxable","14":"purchasable","15":"product-type-simple"},"acf":[],"aioseo_notices":[],"_links":{"self":[{"href":"https:\/\/www.galerie-scrapbooking.com\/en\/wp-json\/wp\/v2\/product\/34659","targetHints":{"allow":["GET"]}}],"collection":[{"href":"https:\/\/www.galerie-scrapbooking.com\/en\/wp-json\/wp\/v2\/product"}],"about":[{"href":"https:\/\/www.galerie-scrapbooking.com\/en\/wp-json\/wp\/v2\/types\/product"}],"wp:featuredmedia":[{"embeddable":true,"href":"https:\/\/www.galerie-scrapbooking.com\/en\/wp-json\/wp\/v2\/media\/34635"}],"wp:attachment":[{"href":"https:\/\/www.galerie-scrapbooking.com\/en\/wp-json\/wp\/v2\/media?parent=34659"}],"wp:term":[{"taxonomy":"product_brand","embeddable":true,"href":"https:\/\/www.galerie-scrapbooking.com\/en\/wp-json\/wp\/v2\/product_brand?post=34659"},{"taxonomy":"product_cat","embeddable":true,"href":"https:\/\/www.galerie-scrapbooking.com\/en\/wp-json\/wp\/v2\/product_cat?post=34659"},{"taxonomy":"product_tag","embeddable":true,"href":"https:\/\/www.galerie-scrapbooking.com\/en\/wp-json\/wp\/v2\/product_tag?post=34659"}],"curies":[{"name":"wp","href":"https:\/\/api.w.org\/{rel}","templated":true}]}}