{"id":34657,"date":"2025-01-16T09:42:11","date_gmt":"2025-01-16T14:42:11","guid":{"rendered":"https:\/\/www.galerie-scrapbooking.com\/?post_type=product&#038;p=34657"},"modified":"2026-01-08T16:06:48","modified_gmt":"2026-01-08T21:06:48","slug":"lavinia-autocollants-oiseaux-chanteurs","status":"publish","type":"product","link":"https:\/\/www.galerie-scrapbooking.com\/en\/produit\/lavinia-autocollants-oiseaux-chanteurs\/","title":{"rendered":"Lavinia Autocollants Oiseaux Chanteurs"},"content":{"rendered":"<h1>Lavinia Autocollants Oiseaux Chanteurs<\/h1>\n<p>De magnifiques oiseaux chanteurs sont au centre de ces autocollants avec fond transparent et parfois avec un autocollant de texte.<\/p>\n<p>Ils compl\u00e8tent parfaitement toute cr\u00e9ation, ajoutant une touche de r\u00e9alisme au monde magique de Lavinia.<\/p>\n<p>Les autocollants Oiseaux Chanteurs comprennent des pies, des rouges-gorges, des moineaux et des merles et bien plus encore ! Le choix vous appartient !<\/p>\n<p>Format des pages : 15 x 21 cm<\/p>\n<p>&nbsp;<\/p>\n","protected":false},"excerpt":{"rendered":"<p>Lavinia Songbirds Stickers<\/p>\n","protected":false},"featured_media":34627,"template":"","meta":{"_acf_changed":false},"product_brand":[],"product_cat":[2179,252],"product_tag":[],"class_list":{"0":"post-34657","1":"product","2":"type-product","3":"status-publish","4":"has-post-thumbnail","6":"product_cat-lavinia-autocollants","7":"product_cat-herazz-nouveautes","8":"pa_brand_nc-lavinia","10":"first","11":"outofstock","12":"taxable","13":"shipping-taxable","14":"purchasable","15":"product-type-simple"},"acf":[],"aioseo_notices":[],"_links":{"self":[{"href":"https:\/\/www.galerie-scrapbooking.com\/en\/wp-json\/wp\/v2\/product\/34657","targetHints":{"allow":["GET"]}}],"collection":[{"href":"https:\/\/www.galerie-scrapbooking.com\/en\/wp-json\/wp\/v2\/product"}],"about":[{"href":"https:\/\/www.galerie-scrapbooking.com\/en\/wp-json\/wp\/v2\/types\/product"}],"wp:featuredmedia":[{"embeddable":true,"href":"https:\/\/www.galerie-scrapbooking.com\/en\/wp-json\/wp\/v2\/media\/34627"}],"wp:attachment":[{"href":"https:\/\/www.galerie-scrapbooking.com\/en\/wp-json\/wp\/v2\/media?parent=34657"}],"wp:term":[{"taxonomy":"product_brand","embeddable":true,"href":"https:\/\/www.galerie-scrapbooking.com\/en\/wp-json\/wp\/v2\/product_brand?post=34657"},{"taxonomy":"product_cat","embeddable":true,"href":"https:\/\/www.galerie-scrapbooking.com\/en\/wp-json\/wp\/v2\/product_cat?post=34657"},{"taxonomy":"product_tag","embeddable":true,"href":"https:\/\/www.galerie-scrapbooking.com\/en\/wp-json\/wp\/v2\/product_tag?post=34657"}],"curies":[{"name":"wp","href":"https:\/\/api.w.org\/{rel}","templated":true}]}}