{"id":34353,"date":"2024-12-12T10:44:34","date_gmt":"2024-12-12T15:44:34","guid":{"rendered":"https:\/\/www.galerie-scrapbooking.com\/?post_type=product&#038;p=34353"},"modified":"2025-04-10T04:22:47","modified_gmt":"2025-04-10T08:22:47","slug":"herazz-badges-pere-noel-sapin","status":"publish","type":"product","link":"https:\/\/www.galerie-scrapbooking.com\/en\/produit\/herazz-badges-pere-noel-sapin\/","title":{"rendered":"Herazz Badges P\u00e8re No\u00ebl &#038; Sapin"},"content":{"rendered":"<h1>Herazz Badges P\u00e8re No\u00ebl &amp; Sapin<\/h1>\n<p>Embellissements pour vos projets de scrapbooking et mixed media.<\/p>\n<p>Id\u00e9al pour des cartes, pages ou \u00e9tiquettes.<\/p>\n<p>Se colle facilement sur n&#8217;importe quelle surface.<\/p>\n<p>2 embellissements\u00a0 de 1 pouce de diam\u00e8tre avec dos plat en plastique.<\/p>\n","protected":false},"excerpt":{"rendered":"<p>Badges 1&#8243;<\/p>\n","protected":false},"featured_media":34333,"template":"","meta":{"_acf_changed":false},"product_brand":[],"product_cat":[302,332,252],"product_tag":[],"class_list":{"0":"post-34353","1":"product","2":"type-product","3":"status-publish","4":"has-post-thumbnail","6":"product_cat-embelissements-badges-scrapbooking","7":"product_cat-badges-herazz","8":"product_cat-herazz-nouveautes","9":"pa_brand_nc-herazz","11":"first","12":"instock","13":"taxable","14":"shipping-taxable","15":"purchasable","16":"product-type-simple"},"acf":[],"aioseo_notices":[],"_links":{"self":[{"href":"https:\/\/www.galerie-scrapbooking.com\/en\/wp-json\/wp\/v2\/product\/34353","targetHints":{"allow":["GET"]}}],"collection":[{"href":"https:\/\/www.galerie-scrapbooking.com\/en\/wp-json\/wp\/v2\/product"}],"about":[{"href":"https:\/\/www.galerie-scrapbooking.com\/en\/wp-json\/wp\/v2\/types\/product"}],"wp:featuredmedia":[{"embeddable":true,"href":"https:\/\/www.galerie-scrapbooking.com\/en\/wp-json\/wp\/v2\/media\/34333"}],"wp:attachment":[{"href":"https:\/\/www.galerie-scrapbooking.com\/en\/wp-json\/wp\/v2\/media?parent=34353"}],"wp:term":[{"taxonomy":"product_brand","embeddable":true,"href":"https:\/\/www.galerie-scrapbooking.com\/en\/wp-json\/wp\/v2\/product_brand?post=34353"},{"taxonomy":"product_cat","embeddable":true,"href":"https:\/\/www.galerie-scrapbooking.com\/en\/wp-json\/wp\/v2\/product_cat?post=34353"},{"taxonomy":"product_tag","embeddable":true,"href":"https:\/\/www.galerie-scrapbooking.com\/en\/wp-json\/wp\/v2\/product_tag?post=34353"}],"curies":[{"name":"wp","href":"https:\/\/api.w.org\/{rel}","templated":true}]}}