{"id":34200,"date":"2024-11-20T11:39:41","date_gmt":"2024-11-20T16:39:41","guid":{"rendered":"https:\/\/www.galerie-scrapbooking.com\/?post_type=product&#038;p=34200"},"modified":"2026-04-03T15:35:31","modified_gmt":"2026-04-03T19:35:31","slug":"uchida-marqueur-de-neige-gonfable","status":"publish","type":"product","link":"https:\/\/www.galerie-scrapbooking.com\/en\/produit\/uchida-marqueur-de-neige-gonfable\/","title":{"rendered":"Uchida Marqueur de neige gonfable"},"content":{"rendered":"<h1>Marqueur de neige Uchida blanc<\/h1>\n<p><strong>Ce marqueur embellisseur<\/strong> de papier et de tissu gonfle apr\u00e8s avoir \u00e9t\u00e9 chauff\u00e9 avec un outil chauffant.<\/p>\n<p>Id\u00e9al pour le papier et les tissus clairs et fonc\u00e9s. Ce marqueur est facile \u00e0 utiliser \u00e0 main lev\u00e9e ou avec un gabarit.<\/p>\n<p>Ce paquet contient un marqueur de 5-1\/2 pouces de long<\/p>\n","protected":false},"excerpt":{"rendered":"<p>Uchida Snow Marker<\/p>\n","protected":false},"featured_media":34201,"template":"","meta":{"_acf_changed":false},"product_brand":[],"product_cat":[110,77,252],"product_tag":[],"class_list":{"0":"post-34200","1":"product","2":"type-product","3":"status-publish","4":"has-post-thumbnail","6":"product_cat-embellissement-scrapbooking-autres","7":"product_cat-marqueurs-scrapbooking","8":"product_cat-herazz-nouveautes","9":"pa_brand_nc-uchida","11":"first","12":"instock","13":"taxable","14":"shipping-taxable","15":"purchasable","16":"product-type-simple"},"acf":[],"aioseo_notices":[],"_links":{"self":[{"href":"https:\/\/www.galerie-scrapbooking.com\/en\/wp-json\/wp\/v2\/product\/34200","targetHints":{"allow":["GET"]}}],"collection":[{"href":"https:\/\/www.galerie-scrapbooking.com\/en\/wp-json\/wp\/v2\/product"}],"about":[{"href":"https:\/\/www.galerie-scrapbooking.com\/en\/wp-json\/wp\/v2\/types\/product"}],"wp:featuredmedia":[{"embeddable":true,"href":"https:\/\/www.galerie-scrapbooking.com\/en\/wp-json\/wp\/v2\/media\/34201"}],"wp:attachment":[{"href":"https:\/\/www.galerie-scrapbooking.com\/en\/wp-json\/wp\/v2\/media?parent=34200"}],"wp:term":[{"taxonomy":"product_brand","embeddable":true,"href":"https:\/\/www.galerie-scrapbooking.com\/en\/wp-json\/wp\/v2\/product_brand?post=34200"},{"taxonomy":"product_cat","embeddable":true,"href":"https:\/\/www.galerie-scrapbooking.com\/en\/wp-json\/wp\/v2\/product_cat?post=34200"},{"taxonomy":"product_tag","embeddable":true,"href":"https:\/\/www.galerie-scrapbooking.com\/en\/wp-json\/wp\/v2\/product_tag?post=34200"}],"curies":[{"name":"wp","href":"https:\/\/api.w.org\/{rel}","templated":true}]}}