{"id":34193,"date":"2024-11-28T09:46:08","date_gmt":"2024-11-28T14:46:08","guid":{"rendered":"https:\/\/www.galerie-scrapbooking.com\/?post_type=product&#038;p=34193"},"modified":"2025-02-18T13:42:15","modified_gmt":"2025-02-18T18:42:15","slug":"paper-rose-pad-6x6-noel-tropical","status":"publish","type":"product","link":"https:\/\/www.galerie-scrapbooking.com\/en\/produit\/paper-rose-pad-6x6-noel-tropical\/","title":{"rendered":"Paper Rose Pad 6&#8243;X6&#8243; No\u00ebl Tropical"},"content":{"rendered":"<p>Cette collection de feuilles de papier festives double face pr\u00e9sente d&#8217;adorables cr\u00e9atures des bois pr\u00eates pour No\u00ebl.<\/p>\n<p>Parfait pour cr\u00e9er ces cartes sp\u00e9ciales pour ceux qui sont sp\u00e9ciaux pour vous pendant cette p\u00e9riode des f\u00eates.<\/p>\n<p>18 papiers \u00e0 motifs recto-verso &#8211; 3 de chacun des 12 mod\u00e8les<\/p>\n<p>200 g\/m\u00b2<\/p>\n","protected":false},"excerpt":{"rendered":"<p>Paper Rose &#8211; Tropical Christmas 6&#8243;x6&#8243; Paper Collection<\/p>\n","protected":false},"featured_media":34194,"template":"","meta":{"_acf_changed":false},"product_brand":[],"product_cat":[187,252],"product_tag":[],"class_list":{"0":"post-34193","1":"product","2":"type-product","3":"status-publish","4":"has-post-thumbnail","6":"product_cat-papiers-scrapbooking-6x6","7":"product_cat-herazz-nouveautes","8":"pa_brand_nc-paper-rose","10":"first","11":"instock","12":"taxable","13":"shipping-taxable","14":"purchasable","15":"product-type-simple"},"acf":[],"aioseo_notices":[],"_links":{"self":[{"href":"https:\/\/www.galerie-scrapbooking.com\/en\/wp-json\/wp\/v2\/product\/34193","targetHints":{"allow":["GET"]}}],"collection":[{"href":"https:\/\/www.galerie-scrapbooking.com\/en\/wp-json\/wp\/v2\/product"}],"about":[{"href":"https:\/\/www.galerie-scrapbooking.com\/en\/wp-json\/wp\/v2\/types\/product"}],"wp:featuredmedia":[{"embeddable":true,"href":"https:\/\/www.galerie-scrapbooking.com\/en\/wp-json\/wp\/v2\/media\/34194"}],"wp:attachment":[{"href":"https:\/\/www.galerie-scrapbooking.com\/en\/wp-json\/wp\/v2\/media?parent=34193"}],"wp:term":[{"taxonomy":"product_brand","embeddable":true,"href":"https:\/\/www.galerie-scrapbooking.com\/en\/wp-json\/wp\/v2\/product_brand?post=34193"},{"taxonomy":"product_cat","embeddable":true,"href":"https:\/\/www.galerie-scrapbooking.com\/en\/wp-json\/wp\/v2\/product_cat?post=34193"},{"taxonomy":"product_tag","embeddable":true,"href":"https:\/\/www.galerie-scrapbooking.com\/en\/wp-json\/wp\/v2\/product_tag?post=34193"}],"curies":[{"name":"wp","href":"https:\/\/api.w.org\/{rel}","templated":true}]}}