{"id":34189,"date":"2024-11-28T09:46:09","date_gmt":"2024-11-28T14:46:09","guid":{"rendered":"https:\/\/www.galerie-scrapbooking.com\/?post_type=product&#038;p=34189"},"modified":"2025-09-25T12:49:56","modified_gmt":"2025-09-25T16:49:56","slug":"jamie-rodgers-encre-metallique-argent","status":"publish","type":"product","link":"https:\/\/www.galerie-scrapbooking.com\/en\/produit\/jamie-rodgers-encre-metallique-argent\/","title":{"rendered":"Jamie Rodgers Encre M\u00e9tallique Argent"},"content":{"rendered":"<h1>Jamie Rodgers Encre M\u00e9tallique Argent<\/h1>\n<p>Obtenez des r\u00e9sultats incroyables \u00e0 chaque fois, en utilisant diff\u00e9rentes techniques artisanales avec ces encres pigment\u00e9es m\u00e9talliques \u00e0 s\u00e9chage rapide.<\/p>\n<p>Id\u00e9al pour estamper, peindre, utiliser sur une carte en relief ou ajouter de l&#8217;eau pour cr\u00e9er des fonds artistiques \u00e9poustouflants.<\/p>\n<p>Parfait pour une utilisation dans les projets de fabrication de cartes, de techniques mixtes et de scrapbooking.<\/p>\n<p>(Encrer avec l&#8217;applicateur Blending Foam de Ranger)<\/p>\n<p>Bo\u00eetier ext\u00e9rieur &#8211; 2 \u00bc x 2 \u00bc pouces<\/p>\n<p>Tampon encreur r\u00e9el &#8211; 1 \u00bd x 1 \u00bd pouces<\/p>\n","protected":false},"excerpt":{"rendered":"<p class=\"product-meta__title heading h1\">Jamie Rodgers Crafts &#8211; Metallic Ink Pads &#8211; Silver Lining<\/p>\n","protected":false},"featured_media":34180,"template":"","meta":{"_acf_changed":false},"product_brand":[],"product_cat":[2169,252],"product_tag":[],"class_list":{"0":"post-34189","1":"product","2":"type-product","3":"status-publish","4":"has-post-thumbnail","6":"product_cat-metallique-jamie-rodgers","7":"product_cat-herazz-nouveautes","8":"pa_brand_nc-jamie-rodgers-crafts","10":"first","11":"instock","12":"taxable","13":"shipping-taxable","14":"purchasable","15":"product-type-simple"},"acf":[],"aioseo_notices":[],"_links":{"self":[{"href":"https:\/\/www.galerie-scrapbooking.com\/en\/wp-json\/wp\/v2\/product\/34189","targetHints":{"allow":["GET"]}}],"collection":[{"href":"https:\/\/www.galerie-scrapbooking.com\/en\/wp-json\/wp\/v2\/product"}],"about":[{"href":"https:\/\/www.galerie-scrapbooking.com\/en\/wp-json\/wp\/v2\/types\/product"}],"wp:featuredmedia":[{"embeddable":true,"href":"https:\/\/www.galerie-scrapbooking.com\/en\/wp-json\/wp\/v2\/media\/34180"}],"wp:attachment":[{"href":"https:\/\/www.galerie-scrapbooking.com\/en\/wp-json\/wp\/v2\/media?parent=34189"}],"wp:term":[{"taxonomy":"product_brand","embeddable":true,"href":"https:\/\/www.galerie-scrapbooking.com\/en\/wp-json\/wp\/v2\/product_brand?post=34189"},{"taxonomy":"product_cat","embeddable":true,"href":"https:\/\/www.galerie-scrapbooking.com\/en\/wp-json\/wp\/v2\/product_cat?post=34189"},{"taxonomy":"product_tag","embeddable":true,"href":"https:\/\/www.galerie-scrapbooking.com\/en\/wp-json\/wp\/v2\/product_tag?post=34189"}],"curies":[{"name":"wp","href":"https:\/\/api.w.org\/{rel}","templated":true}]}}